{"id":983,"date":"2025-06-20T10:55:18","date_gmt":"2025-06-20T08:55:18","guid":{"rendered":"https:\/\/mindplant.at\/?page_id=983"},"modified":"2026-02-23T10:38:35","modified_gmt":"2026-02-23T09:38:35","slug":"mindplant-focus-outdoor","status":"publish","type":"page","link":"https:\/\/mindplant.at\/en\/mindplant-focus-outdoor\/","title":{"rendered":"MindPlant &#8211; Fokus Outdoor"},"content":{"rendered":"<h2>\n\t\tMindPlant &#8211; Fokus Outdoor\n\t<\/h2>\n<h3>\n\t\tIndividual one-on-one mental training (approx. 10 hours)\n\t<\/h3>\n<p><strong>Duration:<\/strong> ca. 10 Stunden (aufgeteilt auf 4 Termine)<\/p>\n<p><strong>Location:<\/strong> individually tailored to YOU (outdoor)<\/p>\n<p><strong>Your investment into YOUR personlaity: 1.100,- EUR<\/strong><\/p>\n\t\t\t\t<img loading=\"lazy\" decoding=\"async\" src=\"https:\/\/mindplant.at\/wp-content\/uploads\/2025\/06\/241113_A9A4493-scaled.jpg\" alt=\"MindPlant - Focus Outdoor, individuell, Outdoor\" itemprop=\"image\" height=\"2560\" width=\"1707\" title=\"241113_A9A4493\" onerror=\"this.style.display='none'\"  \/>\n<p><strong>Do you want to focus intentionally on your personal topics, develop mental strength, and embark on your journey with professional support?<\/strong><\/p>\n<p>&nbsp;<\/p>\n<p><strong>Are you ready for your personal and individual adventure?<\/strong><\/p>\n<p>Erlebe ein einzigartiges Mentaltraining, das Abenteuer, Emotionen, Natur und Selbstreflexion vereint, egal zu welcher Jahreszeit. Deine Ziele, W\u00fcnsche und Bed\u00fcrfnisse stehen stets im Fokus. Gemeinsam arbeiten wir daran, deine Willenskraft zu st\u00e4rken, Selbstdisziplin zu f\u00f6rdern und langfristige Ver\u00e4nderungen in deinem Alltag zu etablieren &#8211; individuell auf dich abgestimmt.<\/p>\n<p>Dare to step out of your comfort zone, discover your inner strength, and join me on a journey that will sustainably strengthen your mindset.<\/p>\nBist du bereit, dich ganz auf dich selbst einzulassen &#8211; drau\u00dfen in der Natur, mit allen Sinnen, mit offenem Herzen und klarem Fokus?\n<strong data-start=\"598\" data-end=\"627\">MindPlant &#8211; Fokus Outdoor<\/strong> ist gezielt f\u00fcr Menschen konzipiert, die bereit sind, hinzuschauen und sich pers\u00f6nlich weiterzuentwickeln. Klar, pers\u00f6nlich, tief und nachhaltig.\n<h4>ideal f\u00fcr dich wenn du&#8230;<\/h4>\n&#8230;dich derzeit ausgebrannt und schnell \u00fcberfordert f\u00fchlst.<br \/>\n&#8230;lernen m\u00f6chtest, wie man aus Gedankenspiralen rauskommt.<br \/>\n&#8230;dich schwer tust, Entscheidungen zu treffen.<br \/>\n&#8230;dich f\u00fcr zuk\u00fcnftige Herausforderungen des Lebens gut emotional und mental aufstellen willst.<br \/>\n&#8230;in einer schwierigen Lebenssituation bist, und manchmal keinen Ausweg siehst.<br \/>\n&#8230;dein inneres Feuer entfachen willst.\n\n<h4>Your package includes:<\/h4>\n&#8211; ein ausf\u00fchrliches Online-Vorgespr\u00e4ch f\u00fcr Klarheit, Zielsetzung und Verbindung (auch Outdoor gegen Aufpreis m\u00f6glich)<br data-start=\"688\" data-end=\"691\" \/>&#8211; zwei intensive Outdoor-Einheiten mit jeweils ca. 4 Stunden<br data-start=\"735\" data-end=\"738\" \/>&#8211; ein ausf\u00fchrliches Online-Nachgespr\u00e4ch f\u00fcr Reflexion und Verankerung (auch Outdoor gegen Aufpreis m\u00f6glich)<br \/>\n&#8211; Begleitung via WhatsApp w\u00e4hrend des gesamten Prozesses<br \/>\n&#8211; Snacks, Tee &amp; alles an Material, welches du brauchst<br \/>\n&#8211; Schulungsunterlagen &amp; \u00dcbungen f\u00fcr deine Weiterentwicklung<br \/>\n&#8211; flexible Terminwahl: vormittags, nachmittags oder abends m\u00f6glich &#8211; so wie es f\u00fcr DICH passt<br data-start=\"773\" data-end=\"776\" \/>&#8211; insgesamt ca. 10 Stunden aktive pers\u00f6nliche 1:1 Begleitung\n<strong>Ein exklusives 1:1 Erlebnis &#8211; das dich erdet, bewegt und nachhaltig ins Positive ver\u00e4ndert!<\/strong><br \/>\nIch biete DIR ein Erlebnis mit Tiefe. Wir arbeiten mit allen Naturelementen &#8211; du sp\u00fcrst, siehst, riechst, h\u00f6rst und begreifst Natur als Spiegel deiner inneren Welt. Diese Zeit geh\u00f6rt dir! Lass uns gemeinsam rausgehen und bei DIR ankommen.\n<strong>Duration:<\/strong> ca. 10 Stunden (aufgeteilt auf 4 Termine)<br \/>\n<strong>Location:<\/strong>\u00a0individually tailored to YOU (outdoor)\n<h4>Your investment into YOUR personlaity: 1.100,- EUR<\/h4>\n\t<noscript class=\"ninja-forms-noscript-message\">\n\tNotice: JavaScript is required for this content.<\/noscript>\n<div id=\"nf-form-15-cont\" class=\"nf-form-cont\" aria-live=\"polite\" aria-labelledby=\"nf-form-title-15\" aria-describedby=\"nf-form-errors-15\" role=\"form\">\n\n    <div class=\"nf-loading-spinner\"><\/div>\n\n<\/div>\n        <!-- That data is being printed as a workaround to page builders reordering the order of the scripts loaded-->\n        <script>var formDisplay=1;var nfForms=nfForms||[];var form=[];form.id='15';form.settings={\"objectType\":\"Form Setting\",\"editActive\":true,\"title\":\"ANMELDUNG | MindPlant - Focus Outdoor\",\"created_at\":\"2016-08-28 16:16:05\",\"form_title\":\"Event Registration\",\"default_label_pos\":\"above\",\"show_title\":\"1\",\"clear_complete\":\"1\",\"hide_complete\":\"1\",\"logged_in\":\"0\",\"key\":\"\",\"wrapper_class\":\"\",\"element_class\":\"\",\"add_submit\":\"0\",\"not_logged_in_msg\":\"\",\"sub_limit_number\":\"\",\"sub_limit_msg\":\"\",\"calculations\":[],\"formContentData\":[\"hr_1738918988170\",\"vorname_1738917281735\",\"nachname_1738917287186\",\"e-mail_1738917359571\",\"phone_1739254644827\",\"strasse_nr_1747125284821\",\"plz_ort_1747125300387\",\"agbs_1747125337905\",\"ich_habe_die_agbs_gelesen_und_erklaere_mich_damit_einverstanden_1747125384780\",\"jetzt_anmelden_1738918729355\"],\"currency\":\"\",\"unique_field_error\":\"A form with this value has already been submitted.\",\"form_title_heading_level\":\"3\",\"changeEmailErrorMsg\":\"Bitte gib eine g\\u00fcltige E-Mail-Adresse ein.\",\"changeDateErrorMsg\":\"Please enter a valid date!\",\"confirmFieldErrorMsg\":\"These fields must match!\",\"fieldNumberNumMinError\":\"Number Min Error\",\"fieldNumberNumMaxError\":\"Number Max Error\",\"fieldNumberIncrementBy\":\"Please increment by \",\"formErrorsCorrectErrors\":\"Please correct errors before submitting this form.\",\"validateRequiredField\":\"Dies ist ein Pflichfeld - bitte f\\u00fclle es aus.\",\"honeypotHoneypotError\":\"Honeypot Error\",\"fieldsMarkedRequired\":\"Alle mit einem * gekennzeichneten Felder sind Pflichtfelder.\",\"objectDomain\":\"display\",\"drawerDisabled\":false,\"allow_public_link\":0,\"embed_form\":\"\",\"ninjaForms\":\"Ninja Forms\",\"fieldTextareaRTEInsertLink\":\"Insert Link\",\"fieldTextareaRTEInsertMedia\":\"Insert Media\",\"fieldTextareaRTESelectAFile\":\"Select a file\",\"formHoneypot\":\"If you are a human seeing this field, please leave it empty.\",\"fileUploadOldCodeFileUploadInProgress\":\"File Upload in Progress.\",\"fileUploadOldCodeFileUpload\":\"FILE UPLOAD\",\"currencySymbol\":\"&euro;\",\"thousands_sep\":\",\",\"decimal_point\":\".\",\"siteLocale\":\"en_US\",\"dateFormat\":\"d\\\/m\\\/Y\",\"startOfWeek\":\"1\",\"of\":\"of\",\"previousMonth\":\"Previous Month\",\"nextMonth\":\"Next Month\",\"months\":[\"January\",\"February\",\"March\",\"April\",\"May\",\"June\",\"July\",\"August\",\"September\",\"October\",\"November\",\"December\"],\"monthsShort\":[\"Jan\",\"Feb\",\"Mar\",\"Apr\",\"May\",\"Jun\",\"Jul\",\"Aug\",\"Sep\",\"Oct\",\"Nov\",\"Dec\"],\"weekdays\":[\"Sunday\",\"Monday\",\"Tuesday\",\"Wednesday\",\"Thursday\",\"Friday\",\"Saturday\"],\"weekdaysShort\":[\"Sun\",\"Mon\",\"Tue\",\"Wed\",\"Thu\",\"Fri\",\"Sat\"],\"weekdaysMin\":[\"Su\",\"Mo\",\"Tu\",\"We\",\"Th\",\"Fr\",\"Sa\"],\"recaptchaConsentMissing\":\"reCaptcha validation couldn&#039;t load.\",\"recaptchaMissingCookie\":\"reCaptcha v3 validation couldn&#039;t load the cookie needed to submit the form.\",\"recaptchaConsentEvent\":\"Accept reCaptcha cookies before sending the form.\",\"currency_symbol\":\"\",\"beforeForm\":\"\",\"beforeFields\":\"\",\"afterFields\":\"\",\"afterForm\":\"\"};form.fields=[{\"objectType\":\"Field\",\"objectDomain\":\"fields\",\"editActive\":false,\"order\":1,\"idAttribute\":\"id\",\"label\":\"Trennung\",\"type\":\"hr\",\"container_class\":\"\",\"element_class\":\"\",\"admin_label\":\"\",\"key\":\"hr_1738918988170\",\"field_label\":\"Trennung\",\"field_key\":\"hr_1738918988170\",\"id\":170,\"beforeField\":\"\",\"afterField\":\"\",\"value\":\"\",\"label_pos\":\"above\",\"parentType\":\"hr\",\"element_templates\":[\"hr\",\"input\"],\"old_classname\":\"\",\"wrap_template\":\"wrap\"},{\"objectType\":\"Field\",\"objectDomain\":\"fields\",\"editActive\":false,\"order\":2,\"idAttribute\":\"id\",\"label\":\"Vorname\",\"key\":\"vorname_1738917281735\",\"type\":\"firstname\",\"created_at\":\"2016-08-28 16:16:05\",\"label_pos\":\"above\",\"required\":1,\"default\":\"\",\"placeholder\":\"\",\"container_class\":\"one-half first\",\"element_class\":\"\",\"admin_label\":\"\",\"help_text\":\"<p><br><\\\/p>\",\"desc_text\":\"<p><br><\\\/p>\",\"field_label\":\"Vorname\",\"field_key\":\"vorname_1738917281735\",\"custom_name_attribute\":\"fname\",\"personally_identifiable\":1,\"value\":\"\",\"drawerDisabled\":\"\",\"id\":166,\"beforeField\":\"\",\"afterField\":\"\",\"parentType\":\"firstname\",\"element_templates\":[\"firstname\",\"input\"],\"old_classname\":\"\",\"wrap_template\":\"wrap\"},{\"objectType\":\"Field\",\"objectDomain\":\"fields\",\"editActive\":false,\"order\":3,\"idAttribute\":\"id\",\"label\":\"Nachname\",\"key\":\"nachname_1738917287186\",\"type\":\"lastname\",\"created_at\":\"2016-08-28 16:16:05\",\"label_pos\":\"above\",\"required\":1,\"default\":\"\",\"placeholder\":\"\",\"container_class\":\"one-half\",\"element_class\":\"\",\"admin_label\":\"\",\"help_text\":\"\",\"desc_text\":\"\",\"field_label\":\"Nachname\",\"field_key\":\"nachname_1738917287186\",\"custom_name_attribute\":\"lname\",\"personally_identifiable\":1,\"value\":\"\",\"id\":167,\"beforeField\":\"\",\"afterField\":\"\",\"parentType\":\"lastname\",\"element_templates\":[\"lastname\",\"input\"],\"old_classname\":\"\",\"wrap_template\":\"wrap\"},{\"objectType\":\"Field\",\"objectDomain\":\"fields\",\"editActive\":false,\"order\":4,\"idAttribute\":\"id\",\"label\":\"E-Mail\",\"key\":\"e-mail_1738917359571\",\"type\":\"email\",\"created_at\":\"2016-08-28 16:16:05\",\"label_pos\":\"above\",\"required\":1,\"default\":\"\",\"placeholder\":\"\",\"container_class\":\"one-half first\",\"element_class\":\"\",\"admin_label\":\"\",\"help_text\":\"\",\"desc_text\":\"\",\"field_label\":\"E-Mail\",\"field_key\":\"e-mail_1738917359571\",\"custom_name_attribute\":\"email\",\"personally_identifiable\":1,\"value\":\"\",\"drawerDisabled\":\"\",\"id\":168,\"beforeField\":\"\",\"afterField\":\"\",\"parentType\":\"email\",\"element_templates\":[\"email\",\"input\"],\"old_classname\":\"\",\"wrap_template\":\"wrap\"},{\"objectType\":\"Field\",\"objectDomain\":\"fields\",\"editActive\":false,\"order\":5,\"idAttribute\":\"id\",\"label\":\"\\ufeffTelefon\",\"type\":\"phone\",\"key\":\"phone_1739254644827\",\"label_pos\":\"above\",\"required\":1,\"default\":\"\",\"placeholder\":\"\",\"container_class\":\"\",\"element_class\":\"\",\"input_limit\":\"\",\"input_limit_type\":\"characters\",\"input_limit_msg\":\"verbleibende(s) Zeichen\",\"manual_key\":\"\",\"admin_label\":\"\",\"help_text\":\"\",\"mask\":\"\",\"custom_mask\":\"\",\"custom_name_attribute\":\"phone\",\"personally_identifiable\":1,\"value\":\"\",\"drawerDisabled\":\"\",\"field_label\":\"\\ufeffTelefon\",\"field_key\":\"phone_1739254644827\",\"id\":171,\"beforeField\":\"\",\"afterField\":\"\",\"parentType\":\"textbox\",\"element_templates\":[\"tel\",\"textbox\",\"input\"],\"old_classname\":\"\",\"wrap_template\":\"wrap\"},{\"objectType\":\"Field\",\"objectDomain\":\"fields\",\"editActive\":false,\"order\":6,\"idAttribute\":\"id\",\"label\":\"Stra\\u00dfe\\\/Nr.\",\"type\":\"address\",\"key\":\"strasse_nr_1747125284821\",\"label_pos\":\"above\",\"required\":1,\"default\":\"\",\"placeholder\":\"\",\"container_class\":\"\",\"element_class\":\"\",\"input_limit\":\"\",\"input_limit_type\":\"characters\",\"input_limit_msg\":\"verbleibende(s) Zeichen\",\"manual_key\":\"\",\"admin_label\":\"\",\"help_text\":\"\",\"mask\":\"\",\"custom_mask\":\"\",\"custom_name_attribute\":\"address\",\"personally_identifiable\":1,\"value\":\"\",\"drawerDisabled\":\"\",\"field_label\":\"Stra\\u00dfe\\\/Nr.\",\"field_key\":\"strasse_nr_1747125284821\",\"id\":172,\"beforeField\":\"\",\"afterField\":\"\",\"parentType\":\"address\",\"element_templates\":[\"address\",\"textbox\",\"input\"],\"old_classname\":\"\",\"wrap_template\":\"wrap\"},{\"objectType\":\"Field\",\"objectDomain\":\"fields\",\"editActive\":false,\"order\":7,\"idAttribute\":\"id\",\"type\":\"address\",\"label\":\"PLZ\\\/Ort\",\"key\":\"plz_ort_1747125300387\",\"label_pos\":\"above\",\"required\":1,\"default\":\"\",\"placeholder\":\"\",\"container_class\":\"\",\"element_class\":\"\",\"input_limit\":\"\",\"input_limit_type\":\"characters\",\"input_limit_msg\":\"verbleibende(s) Zeichen\",\"manual_key\":\"\",\"admin_label\":\"\",\"help_text\":\"\",\"mask\":\"\",\"custom_mask\":\"\",\"custom_name_attribute\":\"address\",\"personally_identifiable\":1,\"value\":\"\",\"drawerDisabled\":\"\",\"field_label\":\"PLZ\\\/Ort\",\"field_key\":\"plz_ort_1747125300387\",\"id\":173,\"beforeField\":\"\",\"afterField\":\"\",\"parentType\":\"address\",\"element_templates\":[\"address\",\"textbox\",\"input\"],\"old_classname\":\"\",\"wrap_template\":\"wrap\"},{\"objectType\":\"Field\",\"objectDomain\":\"fields\",\"editActive\":false,\"order\":8,\"idAttribute\":\"id\",\"type\":\"html\",\"label\":\"AGBs\",\"default\":\"<p>Hier geht\\u00b4s zu den AGBs&nbsp;<a href=\\\"https:\\\/\\\/mindplant.at\\\/impressum-datenschutz\\\/\\\">MindPlant | Michaela Baumgartner<\\\/a><\\\/p>\",\"container_class\":\"\",\"element_class\":\"\",\"admin_label\":\"\",\"key\":\"agbs_1747125337905\",\"drawerDisabled\":\"\",\"field_label\":\"AGBs\",\"field_key\":\"agbs_1747125337905\",\"id\":174,\"beforeField\":\"\",\"afterField\":\"\",\"value\":\"<p>Hier geht\\u00b4s zu den AGBs&nbsp;<a href=\\\"https:\\\/\\\/mindplant.at\\\/impressum-datenschutz\\\/\\\">MindPlant | Michaela Baumgartner<\\\/a><\\\/p>\",\"label_pos\":\"above\",\"parentType\":\"html\",\"element_templates\":[\"html\",\"input\"],\"old_classname\":\"\",\"wrap_template\":\"wrap\"},{\"objectType\":\"Field\",\"objectDomain\":\"fields\",\"editActive\":false,\"order\":9,\"idAttribute\":\"id\",\"type\":\"checkbox\",\"label\":\"Ich habe die AGBs gelesen und erkl\\u00e4re mich damit einverstanden.\",\"key\":\"ich_habe_die_agbs_gelesen_und_erklaere_mich_damit_einverstanden_1747125384780\",\"label_pos\":\"right\",\"required\":1,\"container_class\":\"\",\"element_class\":\"\",\"manual_key\":\"\",\"admin_label\":\"\",\"help_text\":\"\",\"default_value\":\"unchecked\",\"checked_value\":\"Ausgew\\u00e4hlt\",\"unchecked_value\":\"Nicht ausgew\\u00e4hlt\",\"checked_calc_value\":\"\",\"unchecked_calc_value\":\"\",\"drawerDisabled\":\"\",\"field_label\":\"Ich habe die AGBs gelesen und erkl\\u00e4re mich damit einverstanden.\",\"field_key\":\"ich_habe_die_agbs_gelesen_und_erklaere_mich_damit_einverstanden_1747125384780\",\"id\":175,\"beforeField\":\"\",\"afterField\":\"\",\"value\":\"\",\"parentType\":\"checkbox\",\"element_templates\":[\"checkbox\",\"input\"],\"old_classname\":\"\",\"wrap_template\":\"wrap\"},{\"objectType\":\"Field\",\"objectDomain\":\"fields\",\"editActive\":false,\"order\":10,\"idAttribute\":\"id\",\"label\":\"Jetzt anmelden\",\"key\":\"jetzt_anmelden_1738918729355\",\"type\":\"submit\",\"created_at\":\"2016-08-28 16:16:05\",\"processing_label\":\"In Bearbeitung\",\"container_class\":\"\",\"element_class\":\"\",\"field_label\":\"Jetzt anmelden\",\"field_key\":\"jetzt_anmelden_1738918729355\",\"admin_label\":\"\",\"drawerDisabled\":\"\",\"id\":169,\"beforeField\":\"\",\"afterField\":\"\",\"value\":\"\",\"label_pos\":\"above\",\"parentType\":\"textbox\",\"element_templates\":[\"submit\",\"button\",\"input\"],\"old_classname\":\"\",\"wrap_template\":\"wrap-no-label\"}];nfForms.push(form);<\/script>","protected":false},"excerpt":{"rendered":"<p>MindPlant &#8211; Fokus Outdoor individuelles Einzel-Mentaltraining (ca. 10h) Dauer: ca. 10 Stunden (aufgeteilt auf 4 Termine) Ort: individuell an DICH angepasst (Outdoor) Deine Investition in DEINE Pers\u00f6nlichkeit: 1.100,- EUR Du m\u00f6chtest dich gezielt mit deinen Themen auseinandersetzen, mentale St\u00e4rke entwickeln und dich mit professioneller Begleitung auf den Weg machen? &nbsp; Bist du bereit f\u00fcr dein&hellip;<\/p>","protected":false},"author":2,"featured_media":0,"parent":0,"menu_order":0,"comment_status":"closed","ping_status":"closed","template":"","meta":{"footnotes":""},"class_list":["post-983","page","type-page","status-publish","hentry"],"aioseo_notices":[],"_links":{"self":[{"href":"https:\/\/mindplant.at\/en\/wp-json\/wp\/v2\/pages\/983","targetHints":{"allow":["GET"]}}],"collection":[{"href":"https:\/\/mindplant.at\/en\/wp-json\/wp\/v2\/pages"}],"about":[{"href":"https:\/\/mindplant.at\/en\/wp-json\/wp\/v2\/types\/page"}],"author":[{"embeddable":true,"href":"https:\/\/mindplant.at\/en\/wp-json\/wp\/v2\/users\/2"}],"replies":[{"embeddable":true,"href":"https:\/\/mindplant.at\/en\/wp-json\/wp\/v2\/comments?post=983"}],"version-history":[{"count":10,"href":"https:\/\/mindplant.at\/en\/wp-json\/wp\/v2\/pages\/983\/revisions"}],"predecessor-version":[{"id":1786,"href":"https:\/\/mindplant.at\/en\/wp-json\/wp\/v2\/pages\/983\/revisions\/1786"}],"wp:attachment":[{"href":"https:\/\/mindplant.at\/en\/wp-json\/wp\/v2\/media?parent=983"}],"curies":[{"name":"wp","href":"https:\/\/api.w.org\/{rel}","templated":true}]}}