{"id":964,"date":"2025-06-20T10:19:50","date_gmt":"2025-06-20T08:19:50","guid":{"rendered":"https:\/\/mindplant.at\/?page_id=964"},"modified":"2026-01-11T21:05:31","modified_gmt":"2026-01-11T20:05:31","slug":"mindplant-impuls","status":"publish","type":"page","link":"https:\/\/mindplant.at\/en\/mindplant-impuls\/","title":{"rendered":"MindPlant &#8211; Impuls"},"content":{"rendered":"<h2>\n\t\tMindPlant &#8211; Impuls\n\t<\/h2>\n<h3>\n\t\t2 hours 1:1 mental-training\n\t<\/h3>\n\t<p>&nbsp;<\/p>\n<p>Duration: 2 hours<\/p>\n<p class=\"translation-block\">Location: Online or personal at YOUR home (we\u00b4ll coordinate)<\/p>\n<strong>Your investment in<br \/>\nDEINE Pers\u00f6nlichkeit: 260,- EUR<\/strong>\n\t\t\t\t<img loading=\"lazy\" decoding=\"async\" src=\"https:\/\/mindplant.at\/wp-content\/uploads\/2025\/06\/250131_A9A8181-scaled.jpg\" alt=\"MindPlant - Impuls, klar, deutlich, kurzer Impuls\" itemprop=\"image\" height=\"2560\" width=\"1707\" title=\"250131_A9A8181\" onerror=\"this.style.display='none'\"  \/>\n\t\t\t\t<img decoding=\"async\" src=\"https:\/\/mindplant.at\/wp-content\/plugins\/bb-plugin\/img\/pixel.png\" alt=\"\" itemprop=\"image\" onerror=\"this.style.display='none'\"  \/>\n<h4><strong>You want to get to know Mental-Training?<\/strong><\/h4>\n<p><strong>MindPlant &#8211; Impuls<\/strong>\u00a0ist DEIN erster Schritt &#8211; inspirierend und auf den Punkt gebracht.<\/p>\nIn these two hours, you\u2019ll receive a solid introduction to mental training, with exercises you can immediately apply to your daily life.<br \/>\nOb online oder &#8211; wenn du in der N\u00e4he wohnst &#8211; bei DIR zu Hause.\n<h4>Ideal f\u00fcr dich wenn du&#8230;<\/h4>\n&#8230;ins Mentaltraining reinschnuppern willst<br \/>\n&#8230;einen klaren Kopf brauchst<br \/>\n&#8230;neue Impuls suchst, wie man mit Gedanken, Gef\u00fchlen und Emotionen umgeht<br \/>\n&#8230;bewusst an dir arbeiten willst\n<p>&nbsp;<\/p>\n<strong>Duration:<\/strong>\u00a02 hours<br \/>\n<strong>Location:<\/strong> Online or personal at YOUR home (we\u00b4ll coordinate)\n<h4>Deine Investition in DEINE Pers\u00f6nlichkeit: 260,- EUR<\/h4>\n\t<noscript class=\"ninja-forms-noscript-message\">\n\tNotice: JavaScript is required for this content.<\/noscript>\n<div id=\"nf-form-13-cont\" class=\"nf-form-cont\" aria-live=\"polite\" aria-labelledby=\"nf-form-title-13\" aria-describedby=\"nf-form-errors-13\" role=\"form\">\n\n    <div class=\"nf-loading-spinner\"><\/div>\n\n<\/div>\n        <!-- That data is being printed as a workaround to page builders reordering the order of the scripts loaded-->\n        <script>var formDisplay=1;var nfForms=nfForms||[];var form=[];form.id='13';form.settings={\"objectType\":\"Form Setting\",\"editActive\":true,\"title\":\"ANMELDUNG | MindPlant - Impuls\",\"created_at\":\"2016-08-28 16:16:05\",\"form_title\":\"Event Registration\",\"default_label_pos\":\"above\",\"show_title\":\"1\",\"clear_complete\":\"1\",\"hide_complete\":\"1\",\"logged_in\":\"0\",\"key\":\"\",\"wrapper_class\":\"\",\"element_class\":\"\",\"add_submit\":\"0\",\"not_logged_in_msg\":\"\",\"sub_limit_number\":\"\",\"sub_limit_msg\":\"\",\"calculations\":[],\"formContentData\":[\"hr_1738918988170\",\"vorname_1738917281735\",\"nachname_1738917287186\",\"e-mail_1738917359571\",\"phone_1739254644827\",\"strasse_nr_1747125284821\",\"plz_ort_1747125300387\",\"agbs_1747125337905\",\"ich_habe_die_agbs_gelesen_und_erklaere_mich_damit_einverstanden_1747125384780\",\"jetzt_anmelden_1738918729355\"],\"currency\":\"\",\"unique_field_error\":\"A form with this value has already been submitted.\",\"form_title_heading_level\":\"3\",\"changeEmailErrorMsg\":\"Bitte gib eine g\\u00fcltige E-Mail-Adresse ein.\",\"changeDateErrorMsg\":\"Please enter a valid date!\",\"confirmFieldErrorMsg\":\"These fields must match!\",\"fieldNumberNumMinError\":\"Number Min Error\",\"fieldNumberNumMaxError\":\"Number Max Error\",\"fieldNumberIncrementBy\":\"Please increment by \",\"formErrorsCorrectErrors\":\"Please correct errors before submitting this form.\",\"validateRequiredField\":\"Dies ist ein Pflichfeld - bitte f\\u00fclle es aus.\",\"honeypotHoneypotError\":\"Honeypot Error\",\"fieldsMarkedRequired\":\"Alle mit einem * gekennzeichneten Felder sind Pflichtfelder.\",\"objectDomain\":\"display\",\"drawerDisabled\":false,\"allow_public_link\":0,\"embed_form\":\"\",\"ninjaForms\":\"Ninja Forms\",\"fieldTextareaRTEInsertLink\":\"Insert Link\",\"fieldTextareaRTEInsertMedia\":\"Insert Media\",\"fieldTextareaRTESelectAFile\":\"Select a file\",\"formHoneypot\":\"If you are a human seeing this field, please leave it empty.\",\"fileUploadOldCodeFileUploadInProgress\":\"File Upload in Progress.\",\"fileUploadOldCodeFileUpload\":\"FILE UPLOAD\",\"currencySymbol\":\"&euro;\",\"thousands_sep\":\",\",\"decimal_point\":\".\",\"siteLocale\":\"en_US\",\"dateFormat\":\"d\\\/m\\\/Y\",\"startOfWeek\":\"1\",\"of\":\"of\",\"previousMonth\":\"Previous Month\",\"nextMonth\":\"Next Month\",\"months\":[\"January\",\"February\",\"March\",\"April\",\"May\",\"June\",\"July\",\"August\",\"September\",\"October\",\"November\",\"December\"],\"monthsShort\":[\"Jan\",\"Feb\",\"Mar\",\"Apr\",\"May\",\"Jun\",\"Jul\",\"Aug\",\"Sep\",\"Oct\",\"Nov\",\"Dec\"],\"weekdays\":[\"Sunday\",\"Monday\",\"Tuesday\",\"Wednesday\",\"Thursday\",\"Friday\",\"Saturday\"],\"weekdaysShort\":[\"Sun\",\"Mon\",\"Tue\",\"Wed\",\"Thu\",\"Fri\",\"Sat\"],\"weekdaysMin\":[\"Su\",\"Mo\",\"Tu\",\"We\",\"Th\",\"Fr\",\"Sa\"],\"recaptchaConsentMissing\":\"reCaptcha validation couldn&#039;t load.\",\"recaptchaMissingCookie\":\"reCaptcha v3 validation couldn&#039;t load the cookie needed to submit the form.\",\"recaptchaConsentEvent\":\"Accept reCaptcha cookies before sending the form.\",\"currency_symbol\":\"\",\"beforeForm\":\"\",\"beforeFields\":\"\",\"afterFields\":\"\",\"afterForm\":\"\"};form.fields=[{\"objectType\":\"Field\",\"objectDomain\":\"fields\",\"editActive\":false,\"order\":1,\"idAttribute\":\"id\",\"label\":\"Trennung\",\"type\":\"hr\",\"container_class\":\"\",\"element_class\":\"\",\"admin_label\":\"\",\"key\":\"hr_1738918988170\",\"field_label\":\"Trennung\",\"field_key\":\"hr_1738918988170\",\"id\":149,\"beforeField\":\"\",\"afterField\":\"\",\"value\":\"\",\"label_pos\":\"above\",\"parentType\":\"hr\",\"element_templates\":[\"hr\",\"input\"],\"old_classname\":\"\",\"wrap_template\":\"wrap\"},{\"objectType\":\"Field\",\"objectDomain\":\"fields\",\"editActive\":false,\"order\":2,\"idAttribute\":\"id\",\"label\":\"Vorname\",\"key\":\"vorname_1738917281735\",\"type\":\"firstname\",\"created_at\":\"2016-08-28 16:16:05\",\"label_pos\":\"above\",\"required\":1,\"default\":\"\",\"placeholder\":\"\",\"container_class\":\"one-half first\",\"element_class\":\"\",\"admin_label\":\"\",\"help_text\":\"<p><br><\\\/p>\",\"desc_text\":\"<p><br><\\\/p>\",\"field_label\":\"Vorname\",\"field_key\":\"vorname_1738917281735\",\"custom_name_attribute\":\"fname\",\"personally_identifiable\":1,\"value\":\"\",\"drawerDisabled\":\"\",\"id\":145,\"beforeField\":\"\",\"afterField\":\"\",\"parentType\":\"firstname\",\"element_templates\":[\"firstname\",\"input\"],\"old_classname\":\"\",\"wrap_template\":\"wrap\"},{\"objectType\":\"Field\",\"objectDomain\":\"fields\",\"editActive\":false,\"order\":3,\"idAttribute\":\"id\",\"label\":\"Nachname\",\"key\":\"nachname_1738917287186\",\"type\":\"lastname\",\"created_at\":\"2016-08-28 16:16:05\",\"label_pos\":\"above\",\"required\":1,\"default\":\"\",\"placeholder\":\"\",\"container_class\":\"one-half\",\"element_class\":\"\",\"admin_label\":\"\",\"help_text\":\"\",\"desc_text\":\"\",\"field_label\":\"Nachname\",\"field_key\":\"nachname_1738917287186\",\"custom_name_attribute\":\"lname\",\"personally_identifiable\":1,\"value\":\"\",\"id\":146,\"beforeField\":\"\",\"afterField\":\"\",\"parentType\":\"lastname\",\"element_templates\":[\"lastname\",\"input\"],\"old_classname\":\"\",\"wrap_template\":\"wrap\"},{\"objectType\":\"Field\",\"objectDomain\":\"fields\",\"editActive\":false,\"order\":4,\"idAttribute\":\"id\",\"label\":\"E-Mail\",\"key\":\"e-mail_1738917359571\",\"type\":\"email\",\"created_at\":\"2016-08-28 16:16:05\",\"label_pos\":\"above\",\"required\":1,\"default\":\"\",\"placeholder\":\"\",\"container_class\":\"one-half first\",\"element_class\":\"\",\"admin_label\":\"\",\"help_text\":\"\",\"desc_text\":\"\",\"field_label\":\"E-Mail\",\"field_key\":\"e-mail_1738917359571\",\"custom_name_attribute\":\"email\",\"personally_identifiable\":1,\"value\":\"\",\"drawerDisabled\":\"\",\"id\":147,\"beforeField\":\"\",\"afterField\":\"\",\"parentType\":\"email\",\"element_templates\":[\"email\",\"input\"],\"old_classname\":\"\",\"wrap_template\":\"wrap\"},{\"objectType\":\"Field\",\"objectDomain\":\"fields\",\"editActive\":false,\"order\":5,\"idAttribute\":\"id\",\"label\":\"\\ufeffTelefon\",\"type\":\"phone\",\"key\":\"phone_1739254644827\",\"label_pos\":\"above\",\"required\":1,\"default\":\"\",\"placeholder\":\"\",\"container_class\":\"\",\"element_class\":\"\",\"input_limit\":\"\",\"input_limit_type\":\"characters\",\"input_limit_msg\":\"verbleibende(s) Zeichen\",\"manual_key\":\"\",\"admin_label\":\"\",\"help_text\":\"\",\"mask\":\"\",\"custom_mask\":\"\",\"custom_name_attribute\":\"phone\",\"personally_identifiable\":1,\"value\":\"\",\"drawerDisabled\":\"\",\"field_label\":\"\\ufeffTelefon\",\"field_key\":\"phone_1739254644827\",\"id\":150,\"beforeField\":\"\",\"afterField\":\"\",\"parentType\":\"textbox\",\"element_templates\":[\"tel\",\"textbox\",\"input\"],\"old_classname\":\"\",\"wrap_template\":\"wrap\"},{\"objectType\":\"Field\",\"objectDomain\":\"fields\",\"editActive\":false,\"order\":6,\"idAttribute\":\"id\",\"label\":\"Stra\\u00dfe\\\/Nr.\",\"type\":\"address\",\"key\":\"strasse_nr_1747125284821\",\"label_pos\":\"above\",\"required\":1,\"default\":\"\",\"placeholder\":\"\",\"container_class\":\"\",\"element_class\":\"\",\"input_limit\":\"\",\"input_limit_type\":\"characters\",\"input_limit_msg\":\"verbleibende(s) Zeichen\",\"manual_key\":\"\",\"admin_label\":\"\",\"help_text\":\"\",\"mask\":\"\",\"custom_mask\":\"\",\"custom_name_attribute\":\"address\",\"personally_identifiable\":1,\"value\":\"\",\"drawerDisabled\":\"\",\"field_label\":\"Stra\\u00dfe\\\/Nr.\",\"field_key\":\"strasse_nr_1747125284821\",\"id\":151,\"beforeField\":\"\",\"afterField\":\"\",\"parentType\":\"address\",\"element_templates\":[\"address\",\"textbox\",\"input\"],\"old_classname\":\"\",\"wrap_template\":\"wrap\"},{\"objectType\":\"Field\",\"objectDomain\":\"fields\",\"editActive\":false,\"order\":7,\"idAttribute\":\"id\",\"type\":\"address\",\"label\":\"PLZ\\\/Ort\",\"key\":\"plz_ort_1747125300387\",\"label_pos\":\"above\",\"required\":1,\"default\":\"\",\"placeholder\":\"\",\"container_class\":\"\",\"element_class\":\"\",\"input_limit\":\"\",\"input_limit_type\":\"characters\",\"input_limit_msg\":\"verbleibende(s) Zeichen\",\"manual_key\":\"\",\"admin_label\":\"\",\"help_text\":\"\",\"mask\":\"\",\"custom_mask\":\"\",\"custom_name_attribute\":\"address\",\"personally_identifiable\":1,\"value\":\"\",\"drawerDisabled\":\"\",\"field_label\":\"PLZ\\\/Ort\",\"field_key\":\"plz_ort_1747125300387\",\"id\":152,\"beforeField\":\"\",\"afterField\":\"\",\"parentType\":\"address\",\"element_templates\":[\"address\",\"textbox\",\"input\"],\"old_classname\":\"\",\"wrap_template\":\"wrap\"},{\"objectType\":\"Field\",\"objectDomain\":\"fields\",\"editActive\":false,\"order\":8,\"idAttribute\":\"id\",\"type\":\"html\",\"label\":\"AGBs\",\"default\":\"<p>Hier geht\\u00b4s zu den AGBs&nbsp;<a href=\\\"https:\\\/\\\/mindplant.at\\\/impressum-datenschutz\\\/\\\">MindPlant | Michaela Baumgartner<\\\/a><\\\/p>\",\"container_class\":\"\",\"element_class\":\"\",\"admin_label\":\"\",\"key\":\"agbs_1747125337905\",\"drawerDisabled\":\"\",\"field_label\":\"AGBs\",\"field_key\":\"agbs_1747125337905\",\"id\":153,\"beforeField\":\"\",\"afterField\":\"\",\"value\":\"<p>Hier geht\\u00b4s zu den AGBs&nbsp;<a href=\\\"https:\\\/\\\/mindplant.at\\\/impressum-datenschutz\\\/\\\">MindPlant | Michaela Baumgartner<\\\/a><\\\/p>\",\"label_pos\":\"above\",\"parentType\":\"html\",\"element_templates\":[\"html\",\"input\"],\"old_classname\":\"\",\"wrap_template\":\"wrap\"},{\"objectType\":\"Field\",\"objectDomain\":\"fields\",\"editActive\":false,\"order\":9,\"idAttribute\":\"id\",\"type\":\"checkbox\",\"label\":\"Ich habe die AGBs gelesen und erkl\\u00e4re mich damit einverstanden.\",\"key\":\"ich_habe_die_agbs_gelesen_und_erklaere_mich_damit_einverstanden_1747125384780\",\"label_pos\":\"right\",\"required\":1,\"container_class\":\"\",\"element_class\":\"\",\"manual_key\":\"\",\"admin_label\":\"\",\"help_text\":\"\",\"default_value\":\"unchecked\",\"checked_value\":\"Ausgew\\u00e4hlt\",\"unchecked_value\":\"Nicht ausgew\\u00e4hlt\",\"checked_calc_value\":\"\",\"unchecked_calc_value\":\"\",\"drawerDisabled\":\"\",\"field_label\":\"Ich habe die AGBs gelesen und erkl\\u00e4re mich damit einverstanden.\",\"field_key\":\"ich_habe_die_agbs_gelesen_und_erklaere_mich_damit_einverstanden_1747125384780\",\"id\":154,\"beforeField\":\"\",\"afterField\":\"\",\"value\":\"\",\"parentType\":\"checkbox\",\"element_templates\":[\"checkbox\",\"input\"],\"old_classname\":\"\",\"wrap_template\":\"wrap\"},{\"objectType\":\"Field\",\"objectDomain\":\"fields\",\"editActive\":false,\"order\":10,\"idAttribute\":\"id\",\"label\":\"Jetzt anmelden\",\"key\":\"jetzt_anmelden_1738918729355\",\"type\":\"submit\",\"created_at\":\"2016-08-28 16:16:05\",\"processing_label\":\"In Bearbeitung\",\"container_class\":\"\",\"element_class\":\"\",\"field_label\":\"Jetzt anmelden\",\"field_key\":\"jetzt_anmelden_1738918729355\",\"admin_label\":\"\",\"drawerDisabled\":\"\",\"id\":148,\"beforeField\":\"\",\"afterField\":\"\",\"value\":\"\",\"label_pos\":\"above\",\"parentType\":\"textbox\",\"element_templates\":[\"submit\",\"button\",\"input\"],\"old_classname\":\"\",\"wrap_template\":\"wrap-no-label\"}];nfForms.push(form);<\/script>","protected":false},"excerpt":{"rendered":"<p>MindPlant &#8211; Impuls 2 Stunden Einzel-Mentaltraining &nbsp; Dauer:\u00a02 Stunden Ort: Online oder pers\u00f6nlich bei DIR (nach Absprache) Deine Investition in DEINE Pers\u00f6nlichkeit: 260,- EUR Du m\u00f6chtest Mentaltraining einfach mal kennenlernen? MindPlant &#8211; Impuls\u00a0ist DEIN erster Schritt &#8211; inspirierend und auf den Punkt gebracht. In diesen zwei Stunden bekommst du eine fundierte Einf\u00fchrung ins Mentaltraining, mit&hellip;<\/p>","protected":false},"author":2,"featured_media":0,"parent":0,"menu_order":0,"comment_status":"closed","ping_status":"closed","template":"","meta":{"footnotes":""},"class_list":["post-964","page","type-page","status-publish","hentry"],"aioseo_notices":[],"_links":{"self":[{"href":"https:\/\/mindplant.at\/en\/wp-json\/wp\/v2\/pages\/964","targetHints":{"allow":["GET"]}}],"collection":[{"href":"https:\/\/mindplant.at\/en\/wp-json\/wp\/v2\/pages"}],"about":[{"href":"https:\/\/mindplant.at\/en\/wp-json\/wp\/v2\/types\/page"}],"author":[{"embeddable":true,"href":"https:\/\/mindplant.at\/en\/wp-json\/wp\/v2\/users\/2"}],"replies":[{"embeddable":true,"href":"https:\/\/mindplant.at\/en\/wp-json\/wp\/v2\/comments?post=964"}],"version-history":[{"count":6,"href":"https:\/\/mindplant.at\/en\/wp-json\/wp\/v2\/pages\/964\/revisions"}],"predecessor-version":[{"id":1643,"href":"https:\/\/mindplant.at\/en\/wp-json\/wp\/v2\/pages\/964\/revisions\/1643"}],"wp:attachment":[{"href":"https:\/\/mindplant.at\/en\/wp-json\/wp\/v2\/media?parent=964"}],"curies":[{"name":"wp","href":"https:\/\/api.w.org\/{rel}","templated":true}]}}