{"id":89,"date":"2025-02-07T09:20:29","date_gmt":"2025-02-07T08:20:29","guid":{"rendered":"https:\/\/mindplant.at\/?page_id=89"},"modified":"2025-02-27T21:29:46","modified_gmt":"2025-02-27T20:29:46","slug":"seminar-26-04-2025","status":"publish","type":"page","link":"https:\/\/mindplant.at\/en\/seminar-26-04-2025\/","title":{"rendered":"MindPlant \u2013 Inspiration | 26. April 2025"},"content":{"rendered":"<img loading=\"lazy\" decoding=\"async\" src=\"https:\/\/mindplant.at\/wp-content\/uploads\/2025\/02\/Logo_RGB_144dpi.png\" alt=\"Logo_RGB_144dpi\" itemprop=\"image\" height=\"397\" width=\"1191\" title=\"Logo_RGB_144dpi\" onerror=\"this.style.display='none'\"  \/>\n<h2>\n\t\tInformation &#038; Anmeldung\n\t<\/h2>\n\t<h3><strong>Tauche ein in die Welt des Mentaltrainings!<\/strong><\/h3>\n<h3><strong>MindPlant &#8211; Inspiration<\/strong><br \/>\n1-Tages Seminar<br \/>\n26. April 2025, 9:00-18:00 Uhr<br \/>\nIm <a href=\"https:\/\/www.koenigswieserhof.at\/\" target=\"_blank\" rel=\"noopener\">K\u00f6nigswieserhof<\/a><br \/>\nMarkt 20, 4280 K\u00f6nigswiesen<\/h3>\n\n\n\t\t\t\t<img loading=\"lazy\" decoding=\"async\" src=\"https:\/\/mindplant.at\/wp-content\/uploads\/2025\/02\/Seminar.jpg\" alt=\"Seminar\" itemprop=\"image\" height=\"806\" width=\"600\" title=\"Seminar\" onerror=\"this.style.display='none'\"  \/>\n\t\t<strong>Was erwartet dich?<\/strong><br \/>\nIn diesem Seminar lernst du gezielt mentale Techniken, um innere Klarheit zu finden, Herausforderungen gelassener zu meistern und deine pers\u00f6nlichen Ziele mit neuer Energie anzugehen. Als kreative Mentaltrainerin, die die Verbindung zur Natur liebt, lasse ich mich von meiner Intuition leiten &#8211; es kann sein, dass dich inspirierende Outdoor-Sequenzen erwarten, oder dass ich die Natur direkt in den Seminarraum hole. Lasse dich \u00fcberraschen, welche gro\u00dfartigen Ideen mir f\u00fcr dich in den Kopf kommen!\n<p>&nbsp;<\/p>\n<strong>Meine Seminare sind eine lebendige Mischung aus:<\/strong><br \/>\n<em><strong>Wissen, das bewegt<\/strong><\/em> &#8211; Praktische und verst\u00e4ndliche Einblicke in die Welt des Mentaltrainings.<br \/>\n<em><strong>Zeit f\u00fcr dich<\/strong><\/em>\u00a0&#8211; Momente der Selbstreflexion, um innezuhalten und dich selbst besser kennenzulernen.<br \/>\n<em><strong>Natur hautnah erleben<\/strong><\/em>\u00a0&#8211; \u00dcbungen und Impulse, die dich die Kraft der Natur sp\u00fcren lassen.<br \/>\n<em><strong>\u00dcbungen, die bleiben<\/strong><\/em>\u00a0&#8211; Meditationen und alltagstaugliche Mentaltechniken, die du direkt in dein Leben integrieren kannst.\n<p>&nbsp;<\/p>\n<strong>F\u00fcr wen ist das Seminar geeignet?<\/strong><br \/>\n\u2022 F\u00fcr Menschen, die Inspiration und neue Energie suchen<br \/>\n\u2022 F\u00fcr Menschen, die ihre mentale Gesundheit st\u00e4rken und pers\u00f6nlichen Stress abbauen m\u00f6chten<br \/>\n\u2022 F\u00fcr Menschen, die Selbstdisziplin entwickeln und kreative L\u00f6sungen entdecken m\u00f6chten<br \/>\n<em>\u00a0Keine Vorkenntnisse erforderlich<\/em>\n<p>&nbsp;<\/p>\n<strong>Sichere dir deinen Platz und lasse dich inspirieren!<\/strong><br \/>\nDie Teilnehmerzahl ist begrenzt (min. 3 &#8211; max. 12 Teilnehmer)\n<p><strong>Deine Investition in DICH und DEINE Pers\u00f6nlichkeit: 288 EUR \/ Person (inkl. ganzt\u00e4gige Verpflegung)<\/strong><\/p>\n\t <noscript class=\"ninja-forms-noscript-message\">\n\tNotice: JavaScript is required for this content.<\/noscript>\nNo Fields Found.<div id=\"nf-form-2-cont\" class=\"nf-form-cont\" aria-live=\"polite\" aria-labelledby=\"nf-form-title-2\" aria-describedby=\"nf-form-errors-2\" role=\"form\">\n\n    <div class=\"nf-loading-spinner\"><\/div>\n\n<\/div>\n        <!-- That data is being printed as a workaround to page builders reordering the order of the scripts loaded-->\n        <script>var formDisplay=1;var nfForms=nfForms||[];var form=[];form.id='2';form.settings={\"ninjaForms\":\"Ninja Forms\",\"changeEmailErrorMsg\":\"Please enter a valid email address!\",\"changeDateErrorMsg\":\"Please enter a valid date!\",\"confirmFieldErrorMsg\":\"These fields must match!\",\"fieldNumberNumMinError\":\"Number Min Error\",\"fieldNumberNumMaxError\":\"Number Max Error\",\"fieldNumberIncrementBy\":\"Please increment by \",\"fieldTextareaRTEInsertLink\":\"Insert Link\",\"fieldTextareaRTEInsertMedia\":\"Insert Media\",\"fieldTextareaRTESelectAFile\":\"Select a file\",\"formErrorsCorrectErrors\":\"Please correct errors before submitting this form.\",\"formHoneypot\":\"If you are a human seeing this field, please leave it empty.\",\"validateRequiredField\":\"This is a required field.\",\"honeypotHoneypotError\":\"Honeypot Error\",\"fileUploadOldCodeFileUploadInProgress\":\"File Upload in Progress.\",\"fileUploadOldCodeFileUpload\":\"FILE UPLOAD\",\"currencySymbol\":\"&euro;\",\"fieldsMarkedRequired\":\"Fields marked with an <span class=\\\"ninja-forms-req-symbol\\\">*<\\\/span> are required\",\"thousands_sep\":\",\",\"decimal_point\":\".\",\"siteLocale\":\"en_US\",\"dateFormat\":\"d\\\/m\\\/Y\",\"startOfWeek\":\"1\",\"of\":\"of\",\"previousMonth\":\"Previous Month\",\"nextMonth\":\"Next Month\",\"months\":[\"January\",\"February\",\"March\",\"April\",\"May\",\"June\",\"July\",\"August\",\"September\",\"October\",\"November\",\"December\"],\"monthsShort\":[\"Jan\",\"Feb\",\"Mar\",\"Apr\",\"May\",\"Jun\",\"Jul\",\"Aug\",\"Sep\",\"Oct\",\"Nov\",\"Dec\"],\"weekdays\":[\"Sunday\",\"Monday\",\"Tuesday\",\"Wednesday\",\"Thursday\",\"Friday\",\"Saturday\"],\"weekdaysShort\":[\"Sun\",\"Mon\",\"Tue\",\"Wed\",\"Thu\",\"Fri\",\"Sat\"],\"weekdaysMin\":[\"Su\",\"Mo\",\"Tu\",\"We\",\"Th\",\"Fr\",\"Sa\"],\"recaptchaConsentMissing\":\"reCaptcha validation couldn&#039;t load.\",\"recaptchaMissingCookie\":\"reCaptcha v3 validation couldn&#039;t load the cookie needed to submit the form.\",\"recaptchaConsentEvent\":\"Accept reCaptcha cookies before sending the form.\",\"embed_form\":\"\",\"currency_symbol\":\"\",\"title\":\"\",\"beforeForm\":\"\",\"beforeFields\":\"\",\"afterFields\":\"\",\"afterForm\":\"\"};form.fields=[];nfForms.push(form);<\/script>\n        \n\t\t\t<a href=\"https:\/\/mindplant.at\/en\/home\/#news\" target=\"_self\">\n\t\t\t\t\t\t\tZur\u00fcck zur Startseite\n\t\t\t\t\t<\/a>","protected":false},"excerpt":{"rendered":"<p>Information &#038; Anmeldung Tauche ein in die Welt des Mentaltrainings! MindPlant &#8211; Inspiration 1-Tages Seminar 26. April 2025, 9:00-18:00 Uhr Im K\u00f6nigswieserhof Markt 20, 4280 K\u00f6nigswiesen Was erwartet dich? In diesem Seminar lernst du gezielt mentale Techniken, um innere Klarheit zu finden, Herausforderungen gelassener zu meistern und deine pers\u00f6nlichen Ziele mit neuer Energie anzugehen. Als&hellip;<\/p>","protected":false},"author":2,"featured_media":0,"parent":0,"menu_order":0,"comment_status":"closed","ping_status":"closed","template":"tpl-no-header-footer.php","meta":{"footnotes":""},"class_list":["post-89","page","type-page","status-publish","hentry"],"aioseo_notices":[],"_links":{"self":[{"href":"https:\/\/mindplant.at\/en\/wp-json\/wp\/v2\/pages\/89","targetHints":{"allow":["GET"]}}],"collection":[{"href":"https:\/\/mindplant.at\/en\/wp-json\/wp\/v2\/pages"}],"about":[{"href":"https:\/\/mindplant.at\/en\/wp-json\/wp\/v2\/types\/page"}],"author":[{"embeddable":true,"href":"https:\/\/mindplant.at\/en\/wp-json\/wp\/v2\/users\/2"}],"replies":[{"embeddable":true,"href":"https:\/\/mindplant.at\/en\/wp-json\/wp\/v2\/comments?post=89"}],"version-history":[{"count":10,"href":"https:\/\/mindplant.at\/en\/wp-json\/wp\/v2\/pages\/89\/revisions"}],"predecessor-version":[{"id":340,"href":"https:\/\/mindplant.at\/en\/wp-json\/wp\/v2\/pages\/89\/revisions\/340"}],"wp:attachment":[{"href":"https:\/\/mindplant.at\/en\/wp-json\/wp\/v2\/media?parent=89"}],"curies":[{"name":"wp","href":"https:\/\/api.w.org\/{rel}","templated":true}]}}