{"id":653,"date":"2025-05-28T09:20:35","date_gmt":"2025-05-28T07:20:35","guid":{"rendered":"https:\/\/mindplant.at\/?page_id=653"},"modified":"2026-02-04T20:31:31","modified_gmt":"2026-02-04T19:31:31","slug":"mindplant-membersarea","status":"publish","type":"page","link":"https:\/\/mindplant.at\/en\/mindplant-membersarea\/","title":{"rendered":"MembersArea"},"content":{"rendered":"<img loading=\"lazy\" decoding=\"async\" src=\"https:\/\/mindplant.at\/wp-content\/uploads\/2025\/05\/Blaetter-scaled.jpg\" alt=\"Bl\u00e4tter, gr\u00fcn, Nahaufnahme\" itemprop=\"image\" height=\"799\" width=\"2560\" title=\"Bl\u00e4tter\" onerror=\"this.style.display='none'\"  \/>\n<h2>\n\t\tMindPlant &#8211; Membersarea\n\t<\/h2>\n\t<p><strong>Herzlich Willkommen in der MindPlant &#8211; MembersArea!<\/strong><\/p>\nHier hast du Zugang zu DEINEN gebuchten Online-Programmen.<br \/>\nDas Produkt, das du erworben hast, kannst du jederzeit \u00f6ffnen.\n<p>Die Meditationen sind kostenlos und nat\u00fcrlich f\u00fcr DICH hier zug\u00e4nglich.<\/p>\n<p>Have Fun! :)<\/p>\n<p>&nbsp;<\/p>\n\t\t\t<a href=\"https:\/\/mindplant.at\/en\/mentale-glueckswoche-herzlich-willkommen-zusammenfassung-der-videos\/\" target=\"_self\">\n\t\t\t\t\t\t\tMental HappinessWeek\n\t\t\t\t\t<\/a>\n\t\t\t<a href=\"https:\/\/mindplant.at\/en\/30-tage-mental-challenge\/\" target=\"_self\">\n\t\t\t\t\t\t\t30 Days Mental-Challenge\n\t\t\t\t\t<\/a>\n\t\t\t<a href=\"https:\/\/mindplant.at\/en\/inputs-aus-der-neurowissenschaft-videos\/\" target=\"_self\">\n\t\t\t\t\t\t\tMindPlant &#8211; NeuroImpuls\n\t\t\t\t\t<\/a>\n\t\t\t<a href=\"https:\/\/mindplant.at\/en\/reset-nervensystem-regulieren\/\" target=\"_self\">\n\t\t\t\t\t\t\tReset &#8211; Nervensystem regulieren (Zusatz f\u00fcr begleitete Kund:innen)\n\t\t\t\t\t<\/a>\n\t<h4><strong>kostenloser Zusatz:<\/strong><\/h4>\n\t\t\t<a href=\"https:\/\/mindplant.at\/en\/meditationen\/\" target=\"_self\">\n\t\t\t\t\t\t\tMeditations\n\t\t\t\t\t<\/a>","protected":false},"excerpt":{"rendered":"<p>MindPlant &#8211; Membersarea Herzlich Willkommen in der MindPlant &#8211; MembersArea! Hier hast du Zugang zu DEINEN gebuchten Online-Programmen. Das Produkt, das du erworben hast, kannst du jederzeit \u00f6ffnen. Die Meditationen sind kostenlos und nat\u00fcrlich f\u00fcr DICH hier zug\u00e4nglich. Viel Spa\u00df! \ud83d\ude42 &nbsp; Mentale Gl\u00fccksWoche 30 Tage Mental-Challenge MindPlant &#8211; NeuroImpuls Reset &#8211; Nervensystem regulieren (Zusatz&hellip;<\/p>","protected":false},"author":2,"featured_media":0,"parent":0,"menu_order":0,"comment_status":"closed","ping_status":"closed","template":"","meta":{"footnotes":""},"class_list":["post-653","page","type-page","status-publish","hentry"],"aioseo_notices":[],"_links":{"self":[{"href":"https:\/\/mindplant.at\/en\/wp-json\/wp\/v2\/pages\/653","targetHints":{"allow":["GET"]}}],"collection":[{"href":"https:\/\/mindplant.at\/en\/wp-json\/wp\/v2\/pages"}],"about":[{"href":"https:\/\/mindplant.at\/en\/wp-json\/wp\/v2\/types\/page"}],"author":[{"embeddable":true,"href":"https:\/\/mindplant.at\/en\/wp-json\/wp\/v2\/users\/2"}],"replies":[{"embeddable":true,"href":"https:\/\/mindplant.at\/en\/wp-json\/wp\/v2\/comments?post=653"}],"version-history":[{"count":10,"href":"https:\/\/mindplant.at\/en\/wp-json\/wp\/v2\/pages\/653\/revisions"}],"predecessor-version":[{"id":1690,"href":"https:\/\/mindplant.at\/en\/wp-json\/wp\/v2\/pages\/653\/revisions\/1690"}],"wp:attachment":[{"href":"https:\/\/mindplant.at\/en\/wp-json\/wp\/v2\/media?parent=653"}],"curies":[{"name":"wp","href":"https:\/\/api.w.org\/{rel}","templated":true}]}}