{"id":580,"date":"2025-05-22T20:57:31","date_gmt":"2025-05-22T18:57:31","guid":{"rendered":"https:\/\/mindplant.at\/?page_id=580"},"modified":"2025-07-11T07:49:44","modified_gmt":"2025-07-11T05:49:44","slug":"mentale-glueckswoche-2","status":"publish","type":"page","link":"https:\/\/mindplant.at\/en\/mentale-glueckswoche-2\/","title":{"rendered":"Mentale Gl\u00fccksWoche &#8211; Startseite"},"content":{"rendered":"<h1>Mental HappinessWeek<\/h1>\n<h3 data-start=\"65\" data-end=\"102\">7 days that can change your thinking!<\/h3>\n<strong>7 days, 7 simple exercises!<\/strong><br \/>\nYour starting point for more happiness, inner peace, and self-confidence.<br \/>\nDu bekommst f\u00fcr 7 Tage erste Impulse, dein Mindset positiv zu entwickeln und mehr Lebensfreude zu entdecken.\nMelde dich jetzt an und mach den ersten Schritt zu deinem gl\u00fccklicheren Ich!\n<h4>\n\t\tDeine Investition in DEINE Pers\u00f6nlichkeit: 33,- EUR\n\t<\/h4>\n\t<noscript class=\"ninja-forms-noscript-message\">\n\tNotice: JavaScript is required for this content.<\/noscript>\n<div id=\"nf-form-9-cont\" class=\"nf-form-cont\" aria-live=\"polite\" aria-labelledby=\"nf-form-title-9\" aria-describedby=\"nf-form-errors-9\" role=\"form\">\n\n    <div class=\"nf-loading-spinner\"><\/div>\n\n<\/div>\n        <!-- That data is being printed as a workaround to page builders reordering the order of the scripts loaded-->\n        <script>var formDisplay=1;var nfForms=nfForms||[];var form=[];form.id='9';form.settings={\"objectType\":\"Form Setting\",\"editActive\":true,\"title\":\"Erwerb der Mentalen Gl\\u00fccksWoche\",\"created_at\":\"2016-08-28 16:16:05\",\"form_title\":\"Event Registration\",\"default_label_pos\":\"above\",\"show_title\":\"1\",\"clear_complete\":\"1\",\"hide_complete\":\"1\",\"logged_in\":\"0\",\"key\":\"\",\"wrapper_class\":\"\",\"element_class\":\"\",\"add_submit\":\"0\",\"not_logged_in_msg\":\"\",\"sub_limit_number\":\"\",\"sub_limit_msg\":\"\",\"calculations\":[],\"formContentData\":[\"hr_1738918988170\",\"vorname_1738917281735\",\"nachname_1738917287186\",\"e-mail_1738917359571\",\"phone_1739254690438\",\"strasse_nr_1747030855343\",\"plz_ort_1745866058279\",\"agbs_1747122785854\",\"ich_habe_die_agbs_gelesen_und_erklaere_mich_damit_einverstanden_1747122595638\",\"jetzt_kaufen_1748976353140\"],\"currency\":\"\",\"unique_field_error\":\"A form with this value has already been submitted.\",\"form_title_heading_level\":\"3\",\"changeEmailErrorMsg\":\"Bitte gib eine g\\u00fcltige E-Mail-Adresse ein.\",\"changeDateErrorMsg\":\"Please enter a valid date!\",\"confirmFieldErrorMsg\":\"These fields must match!\",\"fieldNumberNumMinError\":\"Number Min Error\",\"fieldNumberNumMaxError\":\"Number Max Error\",\"fieldNumberIncrementBy\":\"Please increment by \",\"formErrorsCorrectErrors\":\"Please correct errors before submitting this form.\",\"validateRequiredField\":\"Dies ist ein Pflichfeld - bitte f\\u00fclle es aus.\",\"honeypotHoneypotError\":\"Honeypot Error\",\"fieldsMarkedRequired\":\"Alle mit einem * gekennzeichneten Felder sind Pflichtfelder.\",\"objectDomain\":\"display\",\"drawerDisabled\":false,\"allow_public_link\":0,\"embed_form\":\"\",\"ninjaForms\":\"Ninja Forms\",\"fieldTextareaRTEInsertLink\":\"Insert Link\",\"fieldTextareaRTEInsertMedia\":\"Insert Media\",\"fieldTextareaRTESelectAFile\":\"Select a file\",\"formHoneypot\":\"If you are a human seeing this field, please leave it empty.\",\"fileUploadOldCodeFileUploadInProgress\":\"File Upload in Progress.\",\"fileUploadOldCodeFileUpload\":\"FILE UPLOAD\",\"currencySymbol\":\"&euro;\",\"thousands_sep\":\",\",\"decimal_point\":\".\",\"siteLocale\":\"en_US\",\"dateFormat\":\"d\\\/m\\\/Y\",\"startOfWeek\":\"1\",\"of\":\"of\",\"previousMonth\":\"Previous Month\",\"nextMonth\":\"Next Month\",\"months\":[\"January\",\"February\",\"March\",\"April\",\"May\",\"June\",\"July\",\"August\",\"September\",\"October\",\"November\",\"December\"],\"monthsShort\":[\"Jan\",\"Feb\",\"Mar\",\"Apr\",\"May\",\"Jun\",\"Jul\",\"Aug\",\"Sep\",\"Oct\",\"Nov\",\"Dec\"],\"weekdays\":[\"Sunday\",\"Monday\",\"Tuesday\",\"Wednesday\",\"Thursday\",\"Friday\",\"Saturday\"],\"weekdaysShort\":[\"Sun\",\"Mon\",\"Tue\",\"Wed\",\"Thu\",\"Fri\",\"Sat\"],\"weekdaysMin\":[\"Su\",\"Mo\",\"Tu\",\"We\",\"Th\",\"Fr\",\"Sa\"],\"recaptchaConsentMissing\":\"reCaptcha validation couldn&#039;t load.\",\"recaptchaMissingCookie\":\"reCaptcha v3 validation couldn&#039;t load the cookie needed to submit the form.\",\"recaptchaConsentEvent\":\"Accept reCaptcha cookies before sending the form.\",\"currency_symbol\":\"\",\"beforeForm\":\"\",\"beforeFields\":\"\",\"afterFields\":\"\",\"afterForm\":\"\"};form.fields=[{\"objectType\":\"Field\",\"objectDomain\":\"fields\",\"editActive\":false,\"order\":1,\"idAttribute\":\"id\",\"label\":\"Trennung\",\"type\":\"hr\",\"container_class\":\"\",\"element_class\":\"\",\"admin_label\":\"\",\"key\":\"hr_1738918988170\",\"field_label\":\"Trennung\",\"field_key\":\"hr_1738918988170\",\"id\":104,\"beforeField\":\"\",\"afterField\":\"\",\"value\":\"\",\"label_pos\":\"above\",\"parentType\":\"hr\",\"element_templates\":[\"hr\",\"input\"],\"old_classname\":\"\",\"wrap_template\":\"wrap\"},{\"objectType\":\"Field\",\"objectDomain\":\"fields\",\"editActive\":false,\"order\":2,\"idAttribute\":\"id\",\"label\":\"Vorname\",\"key\":\"vorname_1738917281735\",\"type\":\"firstname\",\"created_at\":\"2016-08-28 16:16:05\",\"label_pos\":\"above\",\"required\":1,\"default\":\"\",\"placeholder\":\"\",\"container_class\":\"one-half first\",\"element_class\":\"\",\"admin_label\":\"\",\"help_text\":\"<p><br><\\\/p>\",\"desc_text\":\"<p><br><\\\/p>\",\"field_label\":\"Vorname\",\"field_key\":\"vorname_1738917281735\",\"custom_name_attribute\":\"fname\",\"personally_identifiable\":1,\"value\":\"\",\"id\":100,\"beforeField\":\"\",\"afterField\":\"\",\"parentType\":\"firstname\",\"element_templates\":[\"firstname\",\"input\"],\"old_classname\":\"\",\"wrap_template\":\"wrap\"},{\"objectType\":\"Field\",\"objectDomain\":\"fields\",\"editActive\":false,\"order\":3,\"idAttribute\":\"id\",\"label\":\"Nachname\",\"key\":\"nachname_1738917287186\",\"type\":\"lastname\",\"created_at\":\"2016-08-28 16:16:05\",\"label_pos\":\"above\",\"required\":1,\"default\":\"\",\"placeholder\":\"\",\"container_class\":\"one-half\",\"element_class\":\"\",\"admin_label\":\"\",\"help_text\":\"\",\"desc_text\":\"\",\"field_label\":\"Nachname\",\"field_key\":\"nachname_1738917287186\",\"custom_name_attribute\":\"lname\",\"personally_identifiable\":1,\"value\":\"\",\"id\":101,\"beforeField\":\"\",\"afterField\":\"\",\"parentType\":\"lastname\",\"element_templates\":[\"lastname\",\"input\"],\"old_classname\":\"\",\"wrap_template\":\"wrap\"},{\"objectType\":\"Field\",\"objectDomain\":\"fields\",\"editActive\":false,\"order\":4,\"idAttribute\":\"id\",\"label\":\"E-Mail\",\"key\":\"e-mail_1738917359571\",\"type\":\"email\",\"created_at\":\"2016-08-28 16:16:05\",\"label_pos\":\"above\",\"required\":1,\"default\":\"\",\"placeholder\":\"\",\"container_class\":\"one-half first\",\"element_class\":\"\",\"admin_label\":\"\",\"help_text\":\"\",\"desc_text\":\"\",\"field_label\":\"E-Mail\",\"field_key\":\"e-mail_1738917359571\",\"custom_name_attribute\":\"email\",\"personally_identifiable\":1,\"value\":\"\",\"drawerDisabled\":\"\",\"id\":102,\"beforeField\":\"\",\"afterField\":\"\",\"parentType\":\"email\",\"element_templates\":[\"email\",\"input\"],\"old_classname\":\"\",\"wrap_template\":\"wrap\"},{\"objectType\":\"Field\",\"objectDomain\":\"fields\",\"editActive\":false,\"order\":5,\"idAttribute\":\"id\",\"label\":\"\\ufeffTelefon\",\"type\":\"phone\",\"key\":\"phone_1739254690438\",\"label_pos\":\"above\",\"required\":1,\"default\":\"\",\"placeholder\":\"\",\"container_class\":\"\",\"element_class\":\"\",\"input_limit\":\"\",\"input_limit_type\":\"characters\",\"input_limit_msg\":\"verbleibende(s) Zeichen\",\"manual_key\":\"\",\"admin_label\":\"\",\"help_text\":\"\",\"mask\":\"\",\"custom_mask\":\"\",\"custom_name_attribute\":\"phone\",\"personally_identifiable\":1,\"value\":\"\",\"drawerDisabled\":\"\",\"field_label\":\"\\ufeffTelefon\",\"field_key\":\"phone_1739254690438\",\"id\":105,\"beforeField\":\"\",\"afterField\":\"\",\"parentType\":\"textbox\",\"element_templates\":[\"tel\",\"textbox\",\"input\"],\"old_classname\":\"\",\"wrap_template\":\"wrap\"},{\"objectType\":\"Field\",\"objectDomain\":\"fields\",\"editActive\":false,\"order\":6,\"idAttribute\":\"id\",\"label\":\"Stra\\u00dfe\\\/Nr.\",\"type\":\"address\",\"key\":\"strasse_nr_1747030855343\",\"label_pos\":\"above\",\"required\":1,\"default\":\"\",\"placeholder\":\"\",\"container_class\":\"\",\"element_class\":\"\",\"input_limit\":\"\",\"input_limit_type\":\"characters\",\"input_limit_msg\":\"verbleibende(s) Zeichen\",\"manual_key\":\"\",\"admin_label\":\"\",\"help_text\":\"\",\"mask\":\"\",\"custom_mask\":\"\",\"custom_name_attribute\":\"address\",\"personally_identifiable\":1,\"value\":\"\",\"drawerDisabled\":\"\",\"field_label\":\"Stra\\u00dfe\\\/Nr.\",\"field_key\":\"strasse_nr_1747030855343\",\"id\":106,\"beforeField\":\"\",\"afterField\":\"\",\"parentType\":\"address\",\"element_templates\":[\"address\",\"textbox\",\"input\"],\"old_classname\":\"\",\"wrap_template\":\"wrap\"},{\"objectType\":\"Field\",\"objectDomain\":\"fields\",\"editActive\":false,\"order\":7,\"idAttribute\":\"id\",\"type\":\"address\",\"label\":\"PLZ\\\/Ort\",\"key\":\"plz_ort_1745866058279\",\"label_pos\":\"above\",\"required\":1,\"default\":\"\",\"placeholder\":\"\",\"container_class\":\"\",\"element_class\":\"\",\"input_limit\":\"\",\"input_limit_type\":\"characters\",\"input_limit_msg\":\"verbleibende(s) Zeichen\",\"manual_key\":\"\",\"admin_label\":\"\",\"help_text\":\"\",\"mask\":\"\",\"custom_mask\":\"\",\"custom_name_attribute\":\"address\",\"personally_identifiable\":1,\"value\":\"\",\"drawerDisabled\":\"\",\"field_label\":\"PLZ\\\/Ort\",\"field_key\":\"plz_ort_1745866058279\",\"id\":107,\"beforeField\":\"\",\"afterField\":\"\",\"parentType\":\"address\",\"element_templates\":[\"address\",\"textbox\",\"input\"],\"old_classname\":\"\",\"wrap_template\":\"wrap\"},{\"objectType\":\"Field\",\"objectDomain\":\"fields\",\"editActive\":false,\"order\":8,\"idAttribute\":\"id\",\"type\":\"html\",\"label\":\"AGBs\",\"default\":\"hier geht\\u00b4s zu den AGBs&nbsp;<a href=\\\"https:\\\/\\\/mindplant.at\\\/impressum-datenschutz\\\/\\\">MindPlant | Michaela Baumgartner<\\\/a>\",\"container_class\":\"\",\"element_class\":\"\",\"admin_label\":\"\",\"key\":\"agbs_1747122785854\",\"drawerDisabled\":\"\",\"field_label\":\"AGBs\",\"field_key\":\"agbs_1747122785854\",\"id\":109,\"beforeField\":\"\",\"afterField\":\"\",\"value\":\"hier geht\\u00b4s zu den AGBs&nbsp;<a href=\\\"https:\\\/\\\/mindplant.at\\\/impressum-datenschutz\\\/\\\">MindPlant | Michaela Baumgartner<\\\/a>\",\"label_pos\":\"above\",\"parentType\":\"html\",\"element_templates\":[\"html\",\"input\"],\"old_classname\":\"\",\"wrap_template\":\"wrap\"},{\"objectType\":\"Field\",\"objectDomain\":\"fields\",\"editActive\":false,\"order\":9,\"idAttribute\":\"id\",\"type\":\"checkbox\",\"label\":\"Ich habe die AGBs gelesen und erkl\\u00e4re mich damit einverstanden.\",\"key\":\"ich_habe_die_agbs_gelesen_und_erklaere_mich_damit_einverstanden_1747122595638\",\"label_pos\":\"right\",\"required\":1,\"container_class\":\"\",\"element_class\":\"\",\"manual_key\":\"\",\"admin_label\":\"\",\"help_text\":\"\",\"default_value\":\"unchecked\",\"checked_value\":\"Ausgew\\u00e4hlt\",\"unchecked_value\":\"Nicht ausgew\\u00e4hlt\",\"checked_calc_value\":\"\",\"unchecked_calc_value\":\"\",\"drawerDisabled\":\"\",\"field_label\":\"Ich habe die AGBs gelesen und erkl\\u00e4re mich damit einverstanden.\",\"field_key\":\"ich_habe_die_agbs_gelesen_und_erklaere_mich_damit_einverstanden_1747122595638\",\"id\":108,\"beforeField\":\"\",\"afterField\":\"\",\"value\":\"\",\"parentType\":\"checkbox\",\"element_templates\":[\"checkbox\",\"input\"],\"old_classname\":\"\",\"wrap_template\":\"wrap\"},{\"objectType\":\"Field\",\"objectDomain\":\"fields\",\"editActive\":false,\"order\":10,\"idAttribute\":\"id\",\"label\":\"Jetzt kaufen\",\"key\":\"jetzt_kaufen_1748976353140\",\"type\":\"submit\",\"created_at\":\"2016-08-28 16:16:05\",\"processing_label\":\"In Bearbeitung\",\"container_class\":\"\",\"element_class\":\"\",\"field_label\":\"Jetzt anmelden\",\"field_key\":\"jetzt_anmelden_1738918729355\",\"admin_label\":\"\",\"drawerDisabled\":false,\"id\":103,\"beforeField\":\"\",\"afterField\":\"\",\"value\":\"\",\"label_pos\":\"above\",\"parentType\":\"textbox\",\"element_templates\":[\"submit\",\"button\",\"input\"],\"old_classname\":\"\",\"wrap_template\":\"wrap-no-label\"}];nfForms.push(form);<\/script>","protected":false},"excerpt":{"rendered":"<p>Mentale Gl\u00fccksWoche 7 Tage, die dein Denken ver\u00e4ndern! 7 Tage, 7 einfache \u00dcbungen! Dein Einstieg in mehr Gl\u00fcck, innere Ruhe und Selbstvertrauen. Du bekommst f\u00fcr 7 Tage erste Impulse, dein Mindset positiv zu entwickeln und mehr Lebensfreude zu entdecken. Melde dich jetzt an und mach den ersten Schritt zu deinem gl\u00fccklicheren Ich! Deine Investition in&hellip;<\/p>","protected":false},"author":2,"featured_media":0,"parent":0,"menu_order":0,"comment_status":"closed","ping_status":"closed","template":"","meta":{"footnotes":""},"class_list":["post-580","page","type-page","status-publish","hentry"],"aioseo_notices":[],"_links":{"self":[{"href":"https:\/\/mindplant.at\/en\/wp-json\/wp\/v2\/pages\/580","targetHints":{"allow":["GET"]}}],"collection":[{"href":"https:\/\/mindplant.at\/en\/wp-json\/wp\/v2\/pages"}],"about":[{"href":"https:\/\/mindplant.at\/en\/wp-json\/wp\/v2\/types\/page"}],"author":[{"embeddable":true,"href":"https:\/\/mindplant.at\/en\/wp-json\/wp\/v2\/users\/2"}],"replies":[{"embeddable":true,"href":"https:\/\/mindplant.at\/en\/wp-json\/wp\/v2\/comments?post=580"}],"version-history":[{"count":10,"href":"https:\/\/mindplant.at\/en\/wp-json\/wp\/v2\/pages\/580\/revisions"}],"predecessor-version":[{"id":1185,"href":"https:\/\/mindplant.at\/en\/wp-json\/wp\/v2\/pages\/580\/revisions\/1185"}],"wp:attachment":[{"href":"https:\/\/mindplant.at\/en\/wp-json\/wp\/v2\/media?parent=580"}],"curies":[{"name":"wp","href":"https:\/\/api.w.org\/{rel}","templated":true}]}}