{"id":3,"date":"2025-01-27T07:37:08","date_gmt":"2025-01-27T07:37:08","guid":{"rendered":"http:\/\/mindplant.at\/?page_id=3"},"modified":"2025-12-03T21:05:20","modified_gmt":"2025-12-03T20:05:20","slug":"impressum-datenschutz","status":"publish","type":"page","link":"https:\/\/mindplant.at\/en\/impressum-datenschutz\/","title":{"rendered":"Imprint | Privacy Policy"},"content":{"rendered":"<img loading=\"lazy\" decoding=\"async\" src=\"https:\/\/mindplant.at\/wp-content\/uploads\/2025\/02\/Logo_RGB_144dpi.png\" alt=\"Logo_RGB_144dpi\" itemprop=\"image\" height=\"397\" width=\"1191\" title=\"Logo_RGB_144dpi\" onerror=\"this.style.display='none'\"  \/>\n\t\t<h3>Obligation to inform<\/h3>\n<p>According to \u00a75 of the E-Commerce Act, \u00a714 of the Corporate Code, \u00a763 of the Trade Regulation Act, and the disclosure obligation according to \u00a725 of the Media Act.<\/p>\n<p>My consultations are intended as support but do not replace visiting a therapist, psychologist, or doctor.<\/p>\n\t<p><strong>Responsible for the content of the website:<\/strong><\/p>\nMindPlant e.U. | Michaela Baumgartner, B.A.<br \/>\nHummelberg 8\/2 | 4341 Arbing<br \/>\n<a href=\"tel:+436803034343\">+43 660 50 48 070<\/a><br \/>\n<a href=\"mailto:office@mindplant.at\">office@mindplant.at<\/a>\n<p>Business purpose: Freelance trade | Organization of events, markets, and fairs (event management)<\/p>\n<p>Member of the Upper Austria Chamber of Commerce (WKO Upper Austria):<\/p>\n<p><a href=\"https:\/\/firmen.wko.at\/mindplant\/\">Mindplant | 1 company found | WKO Company Directory A-Z<\/a><\/p>\n<p>Responsible supervisory authority: District Authority of Perg<\/p>\n<p>MindPlant e.U. &#8211; Michaela Baumgartner ist ein eingetragenes Unternehmen im Firmenbuch unter der Firmenbuch-Nummer: 645483s<\/p>\n<p>MindPlant &#8211; Michaela Baumgartner, ist eine eingetragene Marke im Markenregister des Patentamts \u00d6sterreich unter der Registriernummer: 329788<\/p>\n<p>Here you can find the currently applicable legal regulations. <a href=\"http:\/\/www.ris.bka.gv.at\">www.ris.bka.gv.at<\/a><\/p>\nFotos:<br \/>\nKarin Lettner | <a href=\"https:\/\/www.karinlettner.at\" target=\"_blank\" rel=\"noopener\">www.karinlettner.at<\/a><br \/>\nSara Reindl: <a href=\"https:\/\/www.instagram.com\/saragrafie__\/?igsh=a3V3bTU4OXc1cTA4#\">saragrafie_<\/a><br \/>\nJan Dostal: <a href=\"https:\/\/www.instagram.com\/jan.dstl?igsh=Mzg1YTh3YjhqNGF5\">jan.dstl @wildnisschule_waldkraft<\/a>\n<p>Web design and development: Katrin Regele | <a href=\"https:\/\/www.fraukati.at\" target=\"_blank\" rel=\"noopener\">www.fraukati.at<\/a><\/p>\n\t\t<h3>Privacy Policy<\/h3>Ich lege gro\u00dfen Wert auf den Schutz deiner Daten. Deine Daten werden ausschlie\u00dflich auf Grundlage der gesetzlichen Bestimmungen (DSGVO und TKG 2003) gespeichert.\nUm dich in vollem Umfang \u00fcber die Verwendung personenbezogener Daten zu informieren, lies bitte die folgenden Datenschutzhinweise.\n<p><strong>Responsible for data processing:<\/strong><\/p>\nMindPlant e.U. | Michaela Baumgartner, B.A.<br \/>\nHummelberg 8\/2 | 4341 Arbing<br \/>\n<a href=\"tel:+436605048070\">+43 (0) 660 \/ 50 48 070<\/a><br \/>\n<a href=\"mailto:office@mindplant.at\">office@mindplant.at<\/a>\n<p>&nbsp;<\/p>\n<p><strong>Personal Data:<\/strong><\/p>\nPersonal data that you transmit electronically on this website, such as name, email address, or other personal information, will only be used for the specified purpose, securely stored, and not shared with third parties. The provider automatically collects and stores information on the web server such as the browser used, operating system, referring page, IP address, time of access, etc.<br \/>\nThis data cannot be attributed to specific individuals without checking other data sources, and I do not further analyze this data unless there is unlawful use of the website.\n<p>&nbsp;<\/p>\n<p><strong>Form data and comments:<\/strong><\/p>\n<p>If you submit form entries, the data you provide will be stored for 12 months in order to process the request and for any follow-up questions. This data will not be shared.<\/p>\n<p>&nbsp;<\/p>\n<p><strong>Cookies:<\/strong><\/p>\nNo analytics or tracking cookies are set on this website.<br \/>\nI only use cookies that are necessary for the functionality of the website.\n<p>To enhance your user experience, I use temporary cookies to optimize usability, which are stored on your device for a set period. When you visit the page again, it will automatically recognize that you have been here before, so you won\u2019t need to re-enter your information.<\/p>\nCookies sind kleine Dateien, die es dieser Webseite erm\u00f6glichen auf dem Computer des Besuchers spezifische, auf den Nutzer bezogene Informationen zu speichern, w\u00e4hrend diese Website besucht wird. Cookies helfen dabei, die Nutzungsh\u00e4ufigkeit und die Anzahl der Nutzer meiner Internetseiten zu ermitteln. Dabei werden einerseits Session-Cookies, die ausschlie\u00dflich f\u00fcr die Dauer der Nutzung der Website zwischengespeichert werden und zum anderen permanente Cookies, um Informationen \u00fcber Besucher festzuhalten, die wiederholt auf die Website zugreifen, verwendet. Der Inhalt eines permanenten Cookies beschr\u00e4nkt sich auf eine Identifikationsnummer. Name, IP-Adresse usw. werden nicht gespeichert. Du kannst in deinem Browser das Speichern von Cookies deaktivieren, auf bestimmte Webseiten beschr\u00e4nken oder den Webbrowser (Chrome, IE, Firefox,&#8230;) so einstellen, dass er dich benachrichtigt, sobald ein Cookie gesendet wird. Cookies k\u00f6nnen auch jederzeit von der Festplatte des PC&#8217;s gel\u00f6scht werden.<br \/>\nPlease note, however, that in this case, you may experience limited page display and restricted user navigation.\n<p>&nbsp;<\/p>\n<p><strong>Google Fonts:<\/strong><\/p>\n<p>The fonts used on this website have been stored locally to ensure our content is displayed correctly and attractively across different browsers.<\/p>\n<p>However, it cannot be ruled out that, in some cases, plugins may establish a temporary connection to Google Fonts.<\/p>\n<p>Google Fonts ist ein Dienst der Google Inc. (\u201eGoogle&#8220;). Die Einbindung dieser Web Fonts erfolgt durch einen Serveraufruf, in der Regel ein Server von Google in den USA. Hierdurch wird an den Server \u00fcbermittelt, welche unserer Seiten besucht wurden. Es wird deine IP-Adresse an Google \u00fcbertragen.<\/p>\n<p>If you block access, the content will be displayed in a default font.<\/p>\n<p>For more information, please refer to Google's privacy notice: <a href=\"https:\/\/www.google.com\/policies\/privacy\/\" target=\"_blank\" rel=\"noopener\">www.google.com\/policies\/privacy\/<\/a><\/p>\n<p>There, you can change your settings in the Privacy Center and manage and protect your data.<\/p>\n<p>&nbsp;<\/p>\n<p><strong>Statistics:<\/strong><\/p>\n<p>I use a statistics plugin to capture basic visitor traffic. It has been set to the highest security level, ensuring that no IP addresses can be tracked.<\/p>\n<p>&nbsp;<\/p>\n<p><strong>Online Appointment Booking:<\/strong><\/p>\nAuf dieser Website wird f\u00fcr die Terminbuchung der Dienst von Brevo angeboten. Brevo Sendinblue GmbH, K\u00f6penicker Stra\u00dfe 126, 10179 Berlin, Deutschland. Brevo ist eine SaaS-L\u00f6sung f\u00fcr Relationship Marketing, die es erm\u00f6glicht, Terminbuchungen effizient zu verwalten. Dabei werden personenbezogene Daten, wie Ihre E-Mail-Adresse und gegebenenfalls weitere Kontaktdaten, auf den Servern der Sendinblue GmbH in Deutschland gespeichert.\nBrevo stellt gem\u00e4\u00df Art. 28 DSGVO sicher, dass Ihre Daten datenschutzkonform verarbeitet werden. Weitere Informationen zum Datenschutz bei Brevo finden Sie unter:\n<a href=\"https:\/\/www.brevo.com\/de\/legal\/privacypolicy\/\" target=\"_blank\" rel=\"noopener\">https:\/\/www.brevo.com\/de\/legal\/privacypolicy\/<\/a>\n<p>&nbsp;<\/p>\n<p><strong>Data Security:<\/strong><\/p>\n<p>I use the widely adopted SSL (Secure Socket Layer) protocol during the website visit. You can recognize this by the closed lock symbol in your browser\u2019s status bar.<\/p>\n<p>I protect my infrastructure and implement technical and organizational security measures to safeguard your data against accidental or intentional manipulation, partial or complete loss, destruction, or unauthorized access by third parties. My security measures are continuously adapted in accordance with technological advancements.<\/p>\n<p>&nbsp;<\/p>\n<p><strong>Right to Access:<\/strong><\/p>\nYou have the right to access, rectify, delete, restrict, transfer, withdraw, and object to the processing of your data, unless there is a legal obligation to retain the data.<br \/>\nIf you believe that the processing of your data violates data protection law or that your data protection rights have been infringed in any way, you can file a complaint with the relevant supervisory authority. In Austria, this is the Data Protection Authority.\n<p>If you have any further questions, please contact me!<\/p>\n\t<h3><strong>Terms and Conditions<\/strong><\/h3>\n<p><strong>\u00a0<\/strong><\/p>\n<ol>\n<li><strong>Scope:<\/strong>\n<ol>\n<li>Diese Allgemeinen Gesch\u00e4ftsbedingungen (AGB) gelten f\u00fcr alle Dienstleistungen, Angebote und Vertr\u00e4ge, die zwischen Michaela Baumgartner, B.A., Dipl. Mentaltrainerin, Mind-Plant e.U. (im Folgenden \u201eAnbieterin&#8220; genannt) und ihren Kundinnen und Kunden abgeschlossen werden. Abweichende Bedingungen der Kundschaft werden nicht anerkannt, es sei denn, die Anbieterin stimmt diesen ausdr\u00fccklich zu.<\/li>\n<\/ol>\n<\/li>\n<li><strong>Subject of the Contract:<\/strong>\n<ol>\n<li><u>Die Anbieterin bietet Mentaltraining in verschiedenen Formaten an:<\/u> Einzelmentaltraining in der Natur oder Online, Seminare f\u00fcr Privatpersonen, Seminare f\u00fcr Unternehmen, Workshops, Retreats, Projekte, etc. Die genauen Inhalte und Termine der Leistungen werden im jeweiligen Angebot oder Vertrag festgelegt.<\/li>\n<\/ol>\n<\/li>\n<li><strong>Teilnahmevoraussetzungen:<\/strong>\n<ol>\n<li>Participation in the Provider\u2019s services requires normal mental and physical resilience. If the client is unable to attend the nature location for health reasons, an online alternative can be arranged.<\/li>\n<li>Participation is at the client\u2019s own responsibility. Clients are obligated to inform the Provider in advance about any health restrictions or risks.<\/li>\n<\/ol>\n<\/li>\n<li><strong>Terms of Execution and Cancellation Policy for Seminars at Seminar Hotels:<\/strong>\n<ol>\n<li>One-day and two-day seminars for private individuals at the listed seminar hotels will only take place under the following conditions:<\/li>\n<li>Minimum number of participants: 3 persons, however with an additional cost surcharge.<\/li>\n<li><em>If there are 3 to 4 participants, an additional cost surcharge must be charged to cover room rental and other expenses. <\/em>Minimum number of participants without additional surcharge: 5 persons.<br \/>\n<em>No additional surcharge will be charged for groups of 5 or more participants.<\/em><\/li>\n<li>Maximum number of participants: 12 persons.<\/li>\n<li>If fewer than 3 participants register by 2 months before the seminar date, the seminar will be canceled. No cancellation fees will be charged to the participants.<\/li>\n<li>If the participant books a room independently and the seminar is canceled, any cancellation fees for the accommodation must be borne by the participant.<\/li>\n<\/ol>\n<\/li>\n<li><strong>Terms of Execution and Cancellation Policy for Workshops, Retreats, Projects, etc.:<\/strong>\n<ol>\n<li>Die Mindestteilnehmerzahl wird von der Anbieterin jeweils individuell und angepasst an das jeweilige Event festgelegt. Wird diese nicht erreicht, werden bereits angemeldete Teilnehmer rechtzeitig informiert und es wird ein Ersatztermin angeboten. Bis 14 Tage vor dem Event: kostenfreie Stornierung<br \/>\nUp to 7 days before the event: 50% of the invoice amount is charged.<br \/>\nUp to 3 days before the event: 70% of the invoice amount is charged.<br \/>\n1-3 Tage vor dem Event oder bei Nichterscheinen: 100\u202f% des Rechnungsbetrags<\/li>\n<\/ol>\n<\/li>\n<li><strong>Stornierung und R\u00fccktritt bei Einzelmentaltraining:<\/strong>\n<ol>\n<li>Booked sessions for one-on-one mental training can be canceled free of charge up to 14 days before the scheduled date.<\/li>\n<li>Cancellations made within 14 days before the appointment will incur a fee of 50% of the agreed fee. Cancellations less than 48 hours before the appointment will be charged the full fee.<\/li>\n<li>If the Provider must cancel an appointment for important reasons (e.g., illness or force majeure), an alternative date will be offered. No claims or compensation for resulting expenses shall be made.<\/li>\n<\/ol>\n<\/li>\n<li><strong>Stornierung von Seminaren in Unternehmen:<\/strong>\n<ol>\n<li>For cancellations within 2 months before the seminar\/lecture start date, the following applies:<\/li>\n<li>10% of the seminar fee will be charged.<\/li>\n<li>The cancellation fee 1 to 2 months before the seminar\/lecture start date is 25% of the costs.<\/li>\n<li>From one month before the seminar start date, 80% of the seminar fees are due.<\/li>\n<li>For cancellations made one week or less before the event, the full amount will be charged.<\/li>\n<\/ol>\n<\/li>\n<li><strong>Besondere Bedingungen f\u00fcr Seminare in Unternehmen und Vortr\u00e4ge:<\/strong>\n<ol>\n<li>The order can be placed either in writing or verbally.<\/li>\n<li>Der Rechnungsbetrag ist innerhalb von 30 Tagen nach Erhalt der Rechnung ohne Abz\u00fcge oder Spesen zu zahlen.<\/li>\n<li>In case of late payment, default interest of 10% per annum will be charged.<\/li>\n<li>The content and scope of the services are defined by the respective service description of the Provider.<\/li>\n<li>All prices are exempt from VAT according to \u00a7 6 para. 1 no. 27 of the Austrian VAT Act (Small Business Regulation).<\/li>\n<\/ol>\n<\/li>\n<li><strong>Leistungen und Zahlungsbedingungen f\u00fcr Privatpersonen:<\/strong>\n<ol>\n<li>The content and scope of the services are defined by the respective service description of the Provider.<\/li>\n<li>All prices are exempt from VAT according to \u00a7 6 para. 1 no. 27 of the Austrian VAT Act (Small Business Regulation).<\/li>\n<li>Payment is made by direct bank transfer and must be completed before the start of the service. When booking via the website, payment is made through the Stripe payment link. The invoice will be sent by email afterward.<\/li>\n<li>By paying the invoice, the client confirms their participation as well as their acknowledgement and acceptance of the Terms and Conditions and the liability provisions.<\/li>\n<\/ol>\n<\/li>\n<li><strong>Haftung:<\/strong>\n<ol>\n<li>The Provider is only liable for damages caused by gross negligence or intent.<\/li>\n<li>No liability is assumed for damages resulting from improper application of the taught techniques.<\/li>\n<\/ol>\n<\/li>\n<li><strong>Datenschutz:<\/strong>\n<ol>\n<li>By paying the invoice, the participant agrees that their personal data will be stored in compliance with the GDPR and that emails and WhatsApp messages may be sent.<\/li>\n<li>The Provider processes personal data only in accordance with legal regulations.<\/li>\n<li>Further information can be found in the Provider\u2019s privacy policy.<\/li>\n<\/ol>\n<\/li>\n<li><strong>Terminbuchung:\u00a0<\/strong>\n<ol>\n<li>On the website <a href=\"https:\/\/mindplant.at\/en\/\"><em>mindplant.at<\/em><\/a> The service provided by Brevo is used for appointment booking.\nBrevo Sendinblue GmbH, K\u00f6penicker Stra\u00dfe 126, 10179 Berlin, Germany.\n\nBrevo is a SaaS solution for relationship marketing that enables efficient management of appointment bookings. Personal data, such as your email address and possibly other contact details, are stored on the servers of Sendinblue GmbH in Germany.\n\nA data processing agreement (DPA) according to Article 28 GDPR has been concluded with Brevo to ensure that your data is processed in compliance with data protection regulations.\n\nFurther information about data protection at Brevo can be found at: https:\/\/www.brevo.com\/en\/legal\/privacypolicy\/<\/li>\n<\/ol>\n<\/li>\n<li><strong>Changes to the Program or Cancellation: <\/strong>\n<ol>\n<li>Program changes, changes to event dates, locations, times, or trainers are reserved. Customers will be informed of changes as soon as possible. If an event cannot take place due to the trainer\u2019s illness or unforeseen circumstances, there is no entitlement to execution or compensation. Replacement dates will be offered.<\/li>\n<\/ol>\n<\/li>\n<li><strong>Disclaimer: <\/strong>\n<ol>\n<li>The Provider assumes no liability for personal belongings of participants or for damages resulting from improper use of the provided content. Clients act at their own risk and confirm upon registration that they have sufficient insurance coverage. Any damages or injuries occurring during the events are excluded from liability.<\/li>\n<li data-olk-copy-source=\"MessageBody\">Die Teilnahme an den Veranstaltungen erfolgt auf eigene Gefahr und Verantwortung. Dies gilt insbesondere f\u00fcr alle Aktivit\u00e4ten, die k\u00f6rperliche Anforderungen oder ein erh\u00f6htes Risiko mit sich bringen &#8211; wie etwa Klettern oder das Bewegen in unwegsamem Gel\u00e4nde.<br \/>\nThe participant commits to taking part only in a medically suitable condition and to strictly follow the instructions of the event organizers as well as any external professionals. It is the participant\u2019s responsibility to ensure adequate insurance coverage (e.g., accident and liability insurance).<\/li>\n<\/ol>\n<\/li>\n<li><strong>Foto-, Video- und Audioaufnahmen: <\/strong>\n<ol>\n<li>Bei Veranstaltungen k\u00f6nnen Foto-, Video- und Audioaufnahmen gemacht werden. Mit der Buchung erkl\u00e4rt sich der Kunde einverstanden, dass diese Aufnahmen f\u00fcr Werbezwecke (z. B. auf der Website, Social Media, Flyern, Roll-ups) genutzt werden d\u00fcrfen. Die Rechte an den Aufnahmen verbleiben bei der Anbieterin.<\/li>\n<\/ol>\n<\/li>\n<li><strong>H\u00f6here Gewalt:<\/strong>\n<ol>\n<li>Kann eine Veranstaltung aufgrund h\u00f6herer Gewalt (z. B. Naturkatastrophen, Terroranschl\u00e4ge, Pandemien, etc.) nicht stattfinden, ist die Anbieterin nicht verpflichtet, diese durchzuf\u00fchren. Eine Haftung f\u00fcr daraus resultierende Kosten (z. B. Reise- oder \u00dcbernachtungskosten) wird ausgeschlossen.<\/li>\n<\/ol>\n<\/li>\n<li><strong>Schlussbestimmungen:<\/strong>\n<ol>\n<li>Es gilt das Recht der Republik \u00d6sterreich.<\/li>\n<li>Sollten einzelne Bestimmungen dieser AGB unwirksam sein, bleiben die \u00fcbrigen Bestimmungen davon unber\u00fchrt.<\/li>\n<li>Gerichtsstand ist der Sitz der Anbieterin.<\/li>\n<\/ol>\n<\/li>\n<\/ol>\n<p>&nbsp;<\/p>\nMindPlant e.U.<br \/>\nMichaela Baumgartner, B.A.<br \/>\nCertified Mental Trainer\n<p>&nbsp;<\/p>\nHummelberg 8\/2<br \/>\n4341 Arbing\n<p>&nbsp;<\/p>\n<p><a href=\"https:\/\/mindplant.at\/en\/\">www.mindplant.at<\/a><\/p>\n<p><a href=\"mailto:office@mindplant.at\">office@mindplant.at<\/a><\/p>\n<p>Tel: +43 664 50 48\u00a0070<\/p>\n<p>&nbsp;<\/p>\n<p>Firmenbuch-Nr.: 645483s<\/p>\n<p>&nbsp;<\/p>\n<p>Diese AGB gelten ab dem 01.03.2025.<\/p>\n<p>&nbsp;<\/p>\n<p><strong>Haftungserkl\u00e4rung<\/strong><\/p>\n<p>Ich, Michaela Baumgartner, B.A., Dipl. Mentaltrainerin, biete ausschlie\u00dflich Leistungen im Bereich des Mentaltrainings an. Meine T\u00e4tigkeit umfasst die Unterst\u00fctzung von Menschen dabei, eine Standortbestimmung ihres aktuellen Lebens zu machen und Werkzeuge sowie Methoden zu erlernen, um zuk\u00fcnftig besser mit Herausforderungen umgehen zu k\u00f6nnen.<\/p>\n<p>Ich bin kein Arzt, Psychologe, Sozial- oder Lebensberater und f\u00fchre weder Diagnosen noch Therapien durch. Meine Arbeit bezieht sich ausschlie\u00dflich auf die Zukunftsorientierung und besch\u00e4ftigt sich nicht mit der Bearbeitung von Vergangenheitsereignissen oder traumatischen Erlebnissen.<\/p>\n<p>Ich weise ausdr\u00fccklich darauf hin, dass meine Angebote keine psychotherapeutische Behandlung oder \u00e4rztliche Beratung ersetzen und bei ernsthaften psychischen oder physischen Problemen ein Facharzt oder Psychologe aufgesucht werden sollte. Die Teilnahme an meinen Angeboten erfolgt auf eigene Verantwortung. Eine Haftung f\u00fcr m\u00f6gliche gesundheitliche, psychische oder andere Sch\u00e4den wird ausgeschlossen.<\/p>\n<p>Der Teilnehmer erkl\u00e4rt sich ausdr\u00fccklich damit einverstanden, dass die angebotenen Mentaltrainings, Ma\u00dfnahmen zur Pers\u00f6nlichkeitsentwicklung beinhalten k\u00f6nnen. Au\u00dferdem erkennt er an, dass m\u00f6gliche emotionale Erfahrungen, Teil des Mentaltrainingsprozesse sind.<\/p>\n<p>Die Privatsph\u00e4re ist wichtig &#8211; deshalb bleiben alle pers\u00f6nlichen Informationen und Erfahrungen des Mentaltrainings vertraulich.<\/p>\n<p>&nbsp;<\/p>\n<p><strong>Mit Zahlung der Rechnung akzeptiert und best\u00e4tigt der\/die Kunde\/in die AGB sowie die Haftungserkl\u00e4rung.<\/strong><\/p>\n<p>&nbsp;<\/p>","protected":false},"excerpt":{"rendered":"<p>INFORMATIONSPFLICHT laut \u00a75 E-Commerce Gesetz, \u00a714 Unternehmensgesetzbuch, \u00a763 Gewerbeordnung und Offenlegungspflicht laut \u00a725 Mediengesetz Meine Beratungen dienen als Unterst\u00fctzung, ersetzen aber nicht den Besuch eines Therapeuten, Psychologen oder eines Arztes. F\u00fcr die Inhalte der Website verantwortlich: MindPlant e.U. | Michaela Baumgartner, B.A. Hummelberg 8\/2 | 4341 Arbing +43 660 50 48 070 office@mindplant.at Unternehmensgegenstand: Freies&hellip;<\/p>","protected":false},"author":2,"featured_media":0,"parent":0,"menu_order":0,"comment_status":"closed","ping_status":"closed","template":"tpl-no-header-footer.php","meta":{"footnotes":""},"class_list":["post-3","page","type-page","status-publish","hentry"],"aioseo_notices":[],"_links":{"self":[{"href":"https:\/\/mindplant.at\/en\/wp-json\/wp\/v2\/pages\/3","targetHints":{"allow":["GET"]}}],"collection":[{"href":"https:\/\/mindplant.at\/en\/wp-json\/wp\/v2\/pages"}],"about":[{"href":"https:\/\/mindplant.at\/en\/wp-json\/wp\/v2\/types\/page"}],"author":[{"embeddable":true,"href":"https:\/\/mindplant.at\/en\/wp-json\/wp\/v2\/users\/2"}],"replies":[{"embeddable":true,"href":"https:\/\/mindplant.at\/en\/wp-json\/wp\/v2\/comments?post=3"}],"version-history":[{"count":10,"href":"https:\/\/mindplant.at\/en\/wp-json\/wp\/v2\/pages\/3\/revisions"}],"predecessor-version":[{"id":1631,"href":"https:\/\/mindplant.at\/en\/wp-json\/wp\/v2\/pages\/3\/revisions\/1631"}],"wp:attachment":[{"href":"https:\/\/mindplant.at\/en\/wp-json\/wp\/v2\/media?parent=3"}],"curies":[{"name":"wp","href":"https:\/\/api.w.org\/{rel}","templated":true}]}}