{"id":237,"date":"2025-02-13T14:00:44","date_gmt":"2025-02-13T13:00:44","guid":{"rendered":"https:\/\/mindplant.at\/?page_id=237"},"modified":"2025-09-16T11:20:12","modified_gmt":"2025-09-16T09:20:12","slug":"zauberwald","status":"publish","type":"page","link":"https:\/\/mindplant.at\/en\/zauberwald\/","title":{"rendered":"Komm mit in den Zauberwald"},"content":{"rendered":"<img loading=\"lazy\" decoding=\"async\" src=\"https:\/\/mindplant.at\/wp-content\/uploads\/2025\/02\/Logo_RGB_144dpi.png\" alt=\"Logo_RGB_144dpi\" itemprop=\"image\" height=\"397\" width=\"1191\" title=\"Logo_RGB_144dpi\" onerror=\"this.style.display='none'\"  \/>\n<h2>\n\t\tInformation &#038; Anmeldung\n\t<\/h2>\n\t\t\t\t<img loading=\"lazy\" decoding=\"async\" src=\"https:\/\/mindplant.at\/wp-content\/uploads\/2025\/09\/Sozial-Beaver-Builder-1.jpg\" alt=\"Komm mit in den Zauberwald\" itemprop=\"image\" height=\"1600\" width=\"2000\" title=\"Komm mit in den Zauberwald\" onerror=\"this.style.display='none'\"  \/>\n\t\t<h3><strong>Ein Eltern-Kind-Nachmittag zur Aktivierung der Sinne &amp; spielerischem Mentaltraining im Kindergartenalter.<\/strong><\/h3>\n<p>&nbsp;<\/p>\n<p>Der Grundstein der Psyche und der mentalen Widerstandskraft eines Menschen wird in den ersten 6 Lebensjahren angelegt. Deshalb ist es so wichtig, Kindern in fr\u00fchen Jahren spielerisch richtige Ans\u00e4tze und Werte zu vermitteln.<\/p>\n<p>Gemeinsam werden wir einen wundersch\u00f6nen Nachmittag im Wald verbringen und unsere Sinne spielerisch im Wald einsetzen. Es wird eine abwechslungsreiche, spannende und abenteuerliche Zeit.<\/p>\n<p>&nbsp;<\/p>\n<h4><strong>Wir werden:<\/strong><\/h4>\n<p><img decoding=\"async\" role=\"img\" draggable=\"false\" src=\"https:\/\/s.w.org\/images\/core\/emoji\/16.0.1\/svg\/2728.svg\" alt=\"\u2728\" \/> unsere Sinne ausprobieren &#8211; sehen, h\u00f6ren, riechen, f\u00fchlen, schmecken<\/p>\n<p><img decoding=\"async\" role=\"img\" draggable=\"false\" src=\"https:\/\/s.w.org\/images\/core\/emoji\/16.0.1\/svg\/2728.svg\" alt=\"\u2728\" \/> als Wald-Detektive Sch\u00e4tze suchen<\/p>\n<p><img decoding=\"async\" role=\"img\" draggable=\"false\" src=\"https:\/\/s.w.org\/images\/core\/emoji\/16.0.1\/svg\/2728.svg\" alt=\"\u2728\" \/> ein H\u00e4uschen f\u00fcr dein Kuscheltier bauen<\/p>\n<p><img decoding=\"async\" role=\"img\" draggable=\"false\" src=\"https:\/\/s.w.org\/images\/core\/emoji\/16.0.1\/svg\/2728.svg\" alt=\"\u2728\" \/> dein Krafttier finden und auf einem Baumstumpf ganz stark sein<\/p>\n<p><img decoding=\"async\" role=\"img\" draggable=\"false\" src=\"https:\/\/s.w.org\/images\/core\/emoji\/16.0.1\/svg\/2728.svg\" alt=\"\u2728\" \/> einen Zauberstein suchen, der dich immer an deine St\u00e4rke erinnert<\/p>\n<p><img decoding=\"async\" role=\"img\" draggable=\"false\" src=\"https:\/\/s.w.org\/images\/core\/emoji\/16.0.1\/svg\/2728.svg\" alt=\"\u2728\" \/> dem Gef\u00fchlsbaum unsere Gef\u00fchle erz\u00e4hlen<\/p>\n<p><img decoding=\"async\" role=\"img\" draggable=\"false\" src=\"https:\/\/s.w.org\/images\/core\/emoji\/16.0.1\/svg\/2728.svg\" alt=\"\u2728\" \/> Wut richtig rauslassen &#8211; und danach wieder lachen<\/p>\n<p><img decoding=\"async\" role=\"img\" draggable=\"false\" src=\"https:\/\/s.w.org\/images\/core\/emoji\/16.0.1\/svg\/2728.svg\" alt=\"\u2728\" \/> die Regenbogen-Atmung ausprobieren<\/p>\n<p><img decoding=\"async\" role=\"img\" draggable=\"false\" src=\"https:\/\/s.w.org\/images\/core\/emoji\/16.0.1\/svg\/2728.svg\" alt=\"\u2728\" \/> Zum Abschluss machen wir ein gemeinsames Picknick<\/p>\n<p>&nbsp;<\/p>\n<p>&nbsp;<\/p>\n<h4><strong>Bring bitte folgendes mit:<\/strong><\/h4>\n<ul>\n<li>dein Lieblingskuscheltier, eine Puppe oder eine Figur, die du gerne hast<\/li>\n<li>eine Unterlage, eine Jause &amp; evtl. Tee f\u00fcr das Picknick im Wald<\/li>\n<li>der Jahreszeit entsprechend warme Kleidung und gute Schuhe<\/li>\n<\/ul>\n<p>&nbsp;<\/p>\n<h4><strong>Termin:<\/strong><\/h4>\nDonnerstag 30.10.2025<br \/>\n14 Uhr<br \/>\nTreffpunkt: Eisstockbahnen Arbing (Hummelberg)\n<p>&nbsp;<\/p>\n<h4><strong>Preis:<\/strong><\/h4>\n<strong>Kinder (unter 3):<\/strong> kostenlos<br \/>\n<strong>Kinder (3-6):<\/strong> 5,- EUR<br \/>\n<strong>Erwachsene:<\/strong> 8,- EUR\n\t<noscript class=\"ninja-forms-noscript-message\">\n\tNotice: JavaScript is required for this content.<\/noscript>\n<div id=\"nf-form-21-cont\" class=\"nf-form-cont\" aria-live=\"polite\" aria-labelledby=\"nf-form-title-21\" aria-describedby=\"nf-form-errors-21\" role=\"form\">\n\n    <div class=\"nf-loading-spinner\"><\/div>\n\n<\/div>\n        <!-- That data is being printed as a workaround to page builders reordering the order of the scripts loaded-->\n        <script>var formDisplay=1;var nfForms=nfForms||[];var form=[];form.id='21';form.settings={\"objectType\":\"Form Setting\",\"editActive\":true,\"title\":\"ANMELDUNG - Komm mit in den Zauberwald\",\"created_at\":\"2016-08-28 16:16:05\",\"form_title\":\"Event Registration\",\"default_label_pos\":\"above\",\"show_title\":\"1\",\"clear_complete\":\"1\",\"hide_complete\":\"1\",\"logged_in\":\"0\",\"key\":\"\",\"wrapper_class\":\"\",\"element_class\":\"\",\"add_submit\":\"0\",\"not_logged_in_msg\":\"\",\"sub_limit_number\":\"\",\"sub_limit_msg\":\"\",\"calculations\":[],\"formContentData\":[\"hr_1738918988170\",\"vorname_elternteil_1758011328488\",\"nachname_elternteil_1758011333952\",\"ich_melde_folgende_personen_an_1758011400129\",\"e-mail_1738917359571\",\"phone_1739254690438\",\"strasse_nr_1747030855343\",\"plz_ort_1745866058279\",\"agbs_1747122785854\",\"ich_habe_die_agbs_gelesen_und_erklaere_mich_damit_einverstanden_1747122595638\",\"jetzt_anmelden_1738918729355\"],\"currency\":\"\",\"unique_field_error\":\"A form with this value has already been submitted.\",\"form_title_heading_level\":\"3\",\"changeEmailErrorMsg\":\"Bitte gib eine g\\u00fcltige E-Mail-Adresse ein.\",\"changeDateErrorMsg\":\"Please enter a valid date!\",\"confirmFieldErrorMsg\":\"These fields must match!\",\"fieldNumberNumMinError\":\"Number Min Error\",\"fieldNumberNumMaxError\":\"Number Max Error\",\"fieldNumberIncrementBy\":\"Please increment by \",\"formErrorsCorrectErrors\":\"Please correct errors before submitting this form.\",\"validateRequiredField\":\"Dies ist ein Pflichfeld - bitte f\\u00fclle es aus.\",\"honeypotHoneypotError\":\"Honeypot Error\",\"fieldsMarkedRequired\":\"Alle mit einem * gekennzeichneten Felder sind Pflichtfelder.\",\"objectDomain\":\"display\",\"drawerDisabled\":false,\"allow_public_link\":0,\"embed_form\":\"\",\"ninjaForms\":\"Ninja Forms\",\"fieldTextareaRTEInsertLink\":\"Insert Link\",\"fieldTextareaRTEInsertMedia\":\"Insert Media\",\"fieldTextareaRTESelectAFile\":\"Select a file\",\"formHoneypot\":\"If you are a human seeing this field, please leave it empty.\",\"fileUploadOldCodeFileUploadInProgress\":\"File Upload in Progress.\",\"fileUploadOldCodeFileUpload\":\"FILE UPLOAD\",\"currencySymbol\":\"&euro;\",\"thousands_sep\":\",\",\"decimal_point\":\".\",\"siteLocale\":\"en_US\",\"dateFormat\":\"d\\\/m\\\/Y\",\"startOfWeek\":\"1\",\"of\":\"of\",\"previousMonth\":\"Previous Month\",\"nextMonth\":\"Next Month\",\"months\":[\"January\",\"February\",\"March\",\"April\",\"May\",\"June\",\"July\",\"August\",\"September\",\"October\",\"November\",\"December\"],\"monthsShort\":[\"Jan\",\"Feb\",\"Mar\",\"Apr\",\"May\",\"Jun\",\"Jul\",\"Aug\",\"Sep\",\"Oct\",\"Nov\",\"Dec\"],\"weekdays\":[\"Sunday\",\"Monday\",\"Tuesday\",\"Wednesday\",\"Thursday\",\"Friday\",\"Saturday\"],\"weekdaysShort\":[\"Sun\",\"Mon\",\"Tue\",\"Wed\",\"Thu\",\"Fri\",\"Sat\"],\"weekdaysMin\":[\"Su\",\"Mo\",\"Tu\",\"We\",\"Th\",\"Fr\",\"Sa\"],\"recaptchaConsentMissing\":\"reCaptcha validation couldn&#039;t load.\",\"recaptchaMissingCookie\":\"reCaptcha v3 validation couldn&#039;t load the cookie needed to submit the form.\",\"recaptchaConsentEvent\":\"Accept reCaptcha cookies before sending the form.\",\"currency_symbol\":\"\",\"beforeForm\":\"\",\"beforeFields\":\"\",\"afterFields\":\"\",\"afterForm\":\"\"};form.fields=[{\"objectType\":\"Field\",\"objectDomain\":\"fields\",\"editActive\":false,\"order\":1,\"idAttribute\":\"id\",\"label\":\"Trennung\",\"type\":\"hr\",\"container_class\":\"\",\"element_class\":\"\",\"admin_label\":\"\",\"key\":\"hr_1738918988170\",\"field_label\":\"Trennung\",\"field_key\":\"hr_1738918988170\",\"id\":233,\"beforeField\":\"\",\"afterField\":\"\",\"value\":\"\",\"label_pos\":\"above\",\"parentType\":\"hr\",\"element_templates\":[\"hr\",\"input\"],\"old_classname\":\"\",\"wrap_template\":\"wrap\"},{\"objectType\":\"Field\",\"objectDomain\":\"fields\",\"editActive\":false,\"order\":2,\"idAttribute\":\"id\",\"label\":\"Vorname Elternteil\",\"key\":\"vorname_elternteil_1758011328488\",\"type\":\"firstname\",\"created_at\":\"2016-08-28 16:16:05\",\"label_pos\":\"above\",\"required\":1,\"default\":\"\",\"placeholder\":\"\",\"container_class\":\"one-half first\",\"element_class\":\"\",\"admin_label\":\"\",\"help_text\":\"<p><br><\\\/p>\",\"desc_text\":\"<p><br><\\\/p>\",\"field_label\":\"Vorname\",\"field_key\":\"vorname_1738917281735\",\"custom_name_attribute\":\"fname\",\"personally_identifiable\":1,\"value\":\"\",\"drawerDisabled\":false,\"id\":229,\"beforeField\":\"\",\"afterField\":\"\",\"parentType\":\"firstname\",\"element_templates\":[\"firstname\",\"input\"],\"old_classname\":\"\",\"wrap_template\":\"wrap\"},{\"objectType\":\"Field\",\"objectDomain\":\"fields\",\"editActive\":false,\"order\":3,\"idAttribute\":\"id\",\"label\":\"Nachname Elternteil\",\"key\":\"nachname_elternteil_1758011333952\",\"type\":\"lastname\",\"created_at\":\"2016-08-28 16:16:05\",\"label_pos\":\"above\",\"required\":1,\"default\":\"\",\"placeholder\":\"\",\"container_class\":\"one-half\",\"element_class\":\"\",\"admin_label\":\"\",\"help_text\":\"\",\"desc_text\":\"\",\"field_label\":\"Nachname\",\"field_key\":\"nachname_1738917287186\",\"custom_name_attribute\":\"lname\",\"personally_identifiable\":1,\"value\":\"\",\"drawerDisabled\":false,\"id\":230,\"beforeField\":\"\",\"afterField\":\"\",\"parentType\":\"lastname\",\"element_templates\":[\"lastname\",\"input\"],\"old_classname\":\"\",\"wrap_template\":\"wrap\"},{\"objectType\":\"Field\",\"objectDomain\":\"fields\",\"editActive\":false,\"order\":4,\"idAttribute\":\"id\",\"label\":\"Ich melde folgende Personen an:\",\"type\":\"textarea\",\"key\":\"ich_melde_folgende_personen_an_1758011400129\",\"label_pos\":\"above\",\"required\":false,\"default\":\"\",\"placeholder\":\"\",\"container_class\":\"\",\"element_class\":\"\",\"input_limit\":\"\",\"input_limit_type\":\"characters\",\"input_limit_msg\":\"verbleibende(s) Zeichen\",\"manual_key\":false,\"admin_label\":\"\",\"help_text\":\"\",\"textarea_rte\":\"\",\"disable_rte_mobile\":\"\",\"textarea_media\":\"\",\"value\":\"\",\"drawerDisabled\":false,\"id\":240,\"beforeField\":\"\",\"afterField\":\"\",\"parentType\":\"textarea\",\"element_templates\":[\"textarea\",\"input\"],\"old_classname\":\"\",\"wrap_template\":\"wrap\"},{\"objectType\":\"Field\",\"objectDomain\":\"fields\",\"editActive\":false,\"order\":5,\"idAttribute\":\"id\",\"label\":\"E-Mail\",\"key\":\"e-mail_1738917359571\",\"type\":\"email\",\"created_at\":\"2016-08-28 16:16:05\",\"label_pos\":\"above\",\"required\":1,\"default\":\"\",\"placeholder\":\"\",\"container_class\":\"one-half first\",\"element_class\":\"\",\"admin_label\":\"\",\"help_text\":\"\",\"desc_text\":\"\",\"field_label\":\"E-Mail\",\"field_key\":\"e-mail_1738917359571\",\"custom_name_attribute\":\"email\",\"personally_identifiable\":1,\"value\":\"\",\"drawerDisabled\":\"\",\"id\":231,\"beforeField\":\"\",\"afterField\":\"\",\"parentType\":\"email\",\"element_templates\":[\"email\",\"input\"],\"old_classname\":\"\",\"wrap_template\":\"wrap\"},{\"objectType\":\"Field\",\"objectDomain\":\"fields\",\"editActive\":false,\"order\":6,\"idAttribute\":\"id\",\"label\":\"\\ufeffTelefon\",\"type\":\"phone\",\"key\":\"phone_1739254690438\",\"label_pos\":\"above\",\"required\":1,\"default\":\"\",\"placeholder\":\"\",\"container_class\":\"\",\"element_class\":\"\",\"input_limit\":\"\",\"input_limit_type\":\"characters\",\"input_limit_msg\":\"verbleibende(s) Zeichen\",\"manual_key\":\"\",\"admin_label\":\"\",\"help_text\":\"\",\"mask\":\"\",\"custom_mask\":\"\",\"custom_name_attribute\":\"phone\",\"personally_identifiable\":1,\"value\":\"\",\"drawerDisabled\":\"\",\"field_label\":\"\\ufeffTelefon\",\"field_key\":\"phone_1739254690438\",\"id\":234,\"beforeField\":\"\",\"afterField\":\"\",\"parentType\":\"textbox\",\"element_templates\":[\"tel\",\"textbox\",\"input\"],\"old_classname\":\"\",\"wrap_template\":\"wrap\"},{\"objectType\":\"Field\",\"objectDomain\":\"fields\",\"editActive\":false,\"order\":7,\"idAttribute\":\"id\",\"label\":\"Stra\\u00dfe\\\/Nr.\",\"type\":\"address\",\"key\":\"strasse_nr_1747030855343\",\"label_pos\":\"above\",\"required\":1,\"default\":\"\",\"placeholder\":\"\",\"container_class\":\"\",\"element_class\":\"\",\"input_limit\":\"\",\"input_limit_type\":\"characters\",\"input_limit_msg\":\"verbleibende(s) Zeichen\",\"manual_key\":\"\",\"admin_label\":\"\",\"help_text\":\"\",\"mask\":\"\",\"custom_mask\":\"\",\"custom_name_attribute\":\"address\",\"personally_identifiable\":1,\"value\":\"\",\"drawerDisabled\":\"\",\"field_label\":\"Stra\\u00dfe\\\/Nr.\",\"field_key\":\"strasse_nr_1747030855343\",\"id\":235,\"beforeField\":\"\",\"afterField\":\"\",\"parentType\":\"address\",\"element_templates\":[\"address\",\"textbox\",\"input\"],\"old_classname\":\"\",\"wrap_template\":\"wrap\"},{\"objectType\":\"Field\",\"objectDomain\":\"fields\",\"editActive\":false,\"order\":8,\"idAttribute\":\"id\",\"type\":\"address\",\"label\":\"PLZ\\\/Ort\",\"key\":\"plz_ort_1745866058279\",\"label_pos\":\"above\",\"required\":1,\"default\":\"\",\"placeholder\":\"\",\"container_class\":\"\",\"element_class\":\"\",\"input_limit\":\"\",\"input_limit_type\":\"characters\",\"input_limit_msg\":\"verbleibende(s) Zeichen\",\"manual_key\":\"\",\"admin_label\":\"\",\"help_text\":\"\",\"mask\":\"\",\"custom_mask\":\"\",\"custom_name_attribute\":\"address\",\"personally_identifiable\":1,\"value\":\"\",\"drawerDisabled\":\"\",\"field_label\":\"PLZ\\\/Ort\",\"field_key\":\"plz_ort_1745866058279\",\"id\":236,\"beforeField\":\"\",\"afterField\":\"\",\"parentType\":\"address\",\"element_templates\":[\"address\",\"textbox\",\"input\"],\"old_classname\":\"\",\"wrap_template\":\"wrap\"},{\"objectType\":\"Field\",\"objectDomain\":\"fields\",\"editActive\":false,\"order\":9,\"idAttribute\":\"id\",\"type\":\"html\",\"label\":\"AGBs\",\"default\":\"hier geht\\u00b4s zu den AGBs&nbsp;<a href=\\\"https:\\\/\\\/mindplant.at\\\/impressum-datenschutz\\\/\\\">MindPlant | Michaela Baumgartner<\\\/a>\",\"container_class\":\"\",\"element_class\":\"\",\"admin_label\":\"\",\"key\":\"agbs_1747122785854\",\"drawerDisabled\":\"\",\"field_label\":\"AGBs\",\"field_key\":\"agbs_1747122785854\",\"id\":238,\"beforeField\":\"\",\"afterField\":\"\",\"value\":\"hier geht\\u00b4s zu den AGBs&nbsp;<a href=\\\"https:\\\/\\\/mindplant.at\\\/impressum-datenschutz\\\/\\\">MindPlant | Michaela Baumgartner<\\\/a>\",\"label_pos\":\"above\",\"parentType\":\"html\",\"element_templates\":[\"html\",\"input\"],\"old_classname\":\"\",\"wrap_template\":\"wrap\"},{\"objectType\":\"Field\",\"objectDomain\":\"fields\",\"editActive\":false,\"order\":10,\"idAttribute\":\"id\",\"type\":\"checkbox\",\"label\":\"Ich habe die AGBs gelesen und erkl\\u00e4re mich damit einverstanden.\",\"key\":\"ich_habe_die_agbs_gelesen_und_erklaere_mich_damit_einverstanden_1747122595638\",\"label_pos\":\"right\",\"required\":1,\"container_class\":\"\",\"element_class\":\"\",\"manual_key\":\"\",\"admin_label\":\"\",\"help_text\":\"\",\"default_value\":\"unchecked\",\"checked_value\":\"Ausgew\\u00e4hlt\",\"unchecked_value\":\"Nicht ausgew\\u00e4hlt\",\"checked_calc_value\":\"\",\"unchecked_calc_value\":\"\",\"drawerDisabled\":\"\",\"field_label\":\"Ich habe die AGBs gelesen und erkl\\u00e4re mich damit einverstanden.\",\"field_key\":\"ich_habe_die_agbs_gelesen_und_erklaere_mich_damit_einverstanden_1747122595638\",\"id\":237,\"beforeField\":\"\",\"afterField\":\"\",\"value\":\"\",\"parentType\":\"checkbox\",\"element_templates\":[\"checkbox\",\"input\"],\"old_classname\":\"\",\"wrap_template\":\"wrap\"},{\"objectType\":\"Field\",\"objectDomain\":\"fields\",\"editActive\":false,\"order\":11,\"idAttribute\":\"id\",\"label\":\"Jetzt anmelden\",\"key\":\"jetzt_anmelden_1738918729355\",\"type\":\"submit\",\"created_at\":\"2016-08-28 16:16:05\",\"processing_label\":\"In Bearbeitung\",\"container_class\":\"\",\"element_class\":\"\",\"field_label\":\"Jetzt anmelden\",\"field_key\":\"jetzt_anmelden_1738918729355\",\"admin_label\":\"\",\"drawerDisabled\":\"\",\"id\":232,\"beforeField\":\"\",\"afterField\":\"\",\"value\":\"\",\"label_pos\":\"above\",\"parentType\":\"textbox\",\"element_templates\":[\"submit\",\"button\",\"input\"],\"old_classname\":\"\",\"wrap_template\":\"wrap-no-label\"}];nfForms.push(form);<\/script>\n        \n\t\t\t<a href=\"https:\/\/mindplant.at\/en\/home\/#news\" target=\"_self\">\n\t\t\t\t\t\t\tZur\u00fcck zur Startseite\n\t\t\t\t\t<\/a>","protected":false},"excerpt":{"rendered":"<p>Information &#038; Anmeldung Ein Eltern-Kind-Nachmittag zur Aktivierung der Sinne &amp; spielerischem Mentaltraining im Kindergartenalter. &nbsp; Der Grundstein der Psyche und der mentalen Widerstandskraft eines Menschen wird in den ersten 6 Lebensjahren angelegt. Deshalb ist es so wichtig, Kindern in fr\u00fchen Jahren spielerisch richtige Ans\u00e4tze und Werte zu vermitteln. Gemeinsam werden wir einen wundersch\u00f6nen Nachmittag im&hellip;<\/p>","protected":false},"author":2,"featured_media":0,"parent":0,"menu_order":0,"comment_status":"closed","ping_status":"closed","template":"tpl-no-header-footer.php","meta":{"footnotes":""},"class_list":["post-237","page","type-page","status-publish","hentry"],"aioseo_notices":[],"_links":{"self":[{"href":"https:\/\/mindplant.at\/en\/wp-json\/wp\/v2\/pages\/237","targetHints":{"allow":["GET"]}}],"collection":[{"href":"https:\/\/mindplant.at\/en\/wp-json\/wp\/v2\/pages"}],"about":[{"href":"https:\/\/mindplant.at\/en\/wp-json\/wp\/v2\/types\/page"}],"author":[{"embeddable":true,"href":"https:\/\/mindplant.at\/en\/wp-json\/wp\/v2\/users\/2"}],"replies":[{"embeddable":true,"href":"https:\/\/mindplant.at\/en\/wp-json\/wp\/v2\/comments?post=237"}],"version-history":[{"count":7,"href":"https:\/\/mindplant.at\/en\/wp-json\/wp\/v2\/pages\/237\/revisions"}],"predecessor-version":[{"id":1547,"href":"https:\/\/mindplant.at\/en\/wp-json\/wp\/v2\/pages\/237\/revisions\/1547"}],"wp:attachment":[{"href":"https:\/\/mindplant.at\/en\/wp-json\/wp\/v2\/media?parent=237"}],"curies":[{"name":"wp","href":"https:\/\/api.w.org\/{rel}","templated":true}]}}