{"id":1741,"date":"2026-02-10T10:31:14","date_gmt":"2026-02-10T09:31:14","guid":{"rendered":"https:\/\/mindplant.at\/?page_id=1741"},"modified":"2026-02-10T21:12:00","modified_gmt":"2026-02-10T20:12:00","slug":"staerke-und-praesenz","status":"publish","type":"page","link":"https:\/\/mindplant.at\/en\/staerke-und-praesenz\/","title":{"rendered":"St\u00e4rke und Pr\u00e4senz"},"content":{"rendered":"<h3>\u00dcbung f\u00fcr St\u00e4rke und Pr\u00e4senz<\/h3>\n\t<iframe src=\"https:\/\/player.vimeo.com\/video\/1163753885?h=53fc07f508&amp;badge=0&amp;autopause=0&amp;player_id=0&amp;app_id=58479\" frameborder=\"0\" allow=\"autoplay; fullscreen; picture-in-picture; clipboard-write; encrypted-media; web-share\" referrerpolicy=\"strict-origin-when-cross-origin\" title=\"St\u00e4rke und Pr\u00e4senz\"><\/iframe>","protected":false},"excerpt":{"rendered":"<p>\u00dcbung f\u00fcr St\u00e4rke und Pr\u00e4senz<\/p>","protected":false},"author":2,"featured_media":0,"parent":0,"menu_order":0,"comment_status":"closed","ping_status":"closed","template":"","meta":{"footnotes":""},"class_list":["post-1741","page","type-page","status-publish","hentry"],"aioseo_notices":[],"_links":{"self":[{"href":"https:\/\/mindplant.at\/en\/wp-json\/wp\/v2\/pages\/1741","targetHints":{"allow":["GET"]}}],"collection":[{"href":"https:\/\/mindplant.at\/en\/wp-json\/wp\/v2\/pages"}],"about":[{"href":"https:\/\/mindplant.at\/en\/wp-json\/wp\/v2\/types\/page"}],"author":[{"embeddable":true,"href":"https:\/\/mindplant.at\/en\/wp-json\/wp\/v2\/users\/2"}],"replies":[{"embeddable":true,"href":"https:\/\/mindplant.at\/en\/wp-json\/wp\/v2\/comments?post=1741"}],"version-history":[{"count":3,"href":"https:\/\/mindplant.at\/en\/wp-json\/wp\/v2\/pages\/1741\/revisions"}],"predecessor-version":[{"id":1775,"href":"https:\/\/mindplant.at\/en\/wp-json\/wp\/v2\/pages\/1741\/revisions\/1775"}],"wp:attachment":[{"href":"https:\/\/mindplant.at\/en\/wp-json\/wp\/v2\/media?parent=1741"}],"curies":[{"name":"wp","href":"https:\/\/api.w.org\/{rel}","templated":true}]}}