{"id":150,"date":"2025-02-11T07:08:57","date_gmt":"2025-02-11T06:08:57","guid":{"rendered":"https:\/\/mindplant.at\/?page_id=150"},"modified":"2026-05-13T09:28:29","modified_gmt":"2026-05-13T07:28:29","slug":"home","status":"publish","type":"page","link":"https:\/\/mindplant.at\/en\/","title":{"rendered":"Home"},"content":{"rendered":"<img decoding=\"async\" loading='false' src=\"https:\/\/mindplant.at\/wp-content\/uploads\/2025\/02\/slider_03_mobil.jpg\" alt=\"\" \/>\t\t\t\n\t<strong>Mental support when life pushes you to your limits.<br \/>\nIn times of crisis and inner rebuilding. So you can regain inner stability, clarity, and direction.<\/strong>\n\tMichaela Baumgartner, B.A.<br \/>\n<em>Certified Mental Trainer<br \/>\n<\/em>\n\t\t\t\t<img loading=\"lazy\" decoding=\"async\" src=\"https:\/\/mindplant.at\/wp-content\/uploads\/2025\/02\/Portrait.jpg\" alt=\"Portrait\" itemprop=\"image\" height=\"633\" width=\"500\" title=\"Portrait\" onerror=\"this.style.display='none'\"  \/>\n\t<h2>About me<\/h2>\n<p>I\u2019m Michaela, 32 years old, a proud mother to a wonderful son and the wife of a strong and loving partner.<\/p>\n<p>My professional journey began after graduating from the University of Applied Science in Steyr with a focus on project management and technical sales, in trade and industry companies. However, life had a profound test in store for me. Due to a long-term, severe chronic illness, I was forced to face challenges such as bedridden confinement, total isolation, darkness, and the renunciation of all stimuli. This time was a labyrinth of pain and uncertainty.<\/p>\n<p>But it was precisely there, in this darkness, that I discovered my iron will and mental strength. It was this will to survive that sparked within me the desire to share my experiences and show others how to develop inner strength.<\/p>\n<p>Die schwerste Zeit meines Lebens wurde zu meiner intensivsten Lernphase &#8211; meine pers\u00f6nliche Ausbildung zur Mentaltrainerin begann inmitten eines \u201eK\u00e4figs&#8220; aus Krankheit und Hoffnungslosigkeit. Diese Erfahrung hat mich geformt und mir gezeigt, dass mentale St\u00e4rke nicht nur \u00fcberlebenswichtig ist, sondern der Schl\u00fcssel zu einem erf\u00fcllten Leben sein kann.<\/p>\n\tDie Ausbildung zur diplomierten Mentaltrainerin bei Wolfgang Reichl-Furthner am RE-agieren Institut f\u00fcr Personal- und Mentaltraining war ein wichtiger und sehr wertvoller Teil meines Weges.\nHeute arbeite ich mit eigenen Ans\u00e4tzen, die sich laufend weiterentwickeln. Ich begleite Menschen \u00fcber l\u00e4ngere Zeit in der Vorbereitung auf Extremsituationen oder im mentalen Wiederaufbau nach tiefen Krisen und Ver\u00e4nderungsprozesse und lerne dabei von jedem einzelnen Menschen.\nDieses kontinuierliche, fein abgestimmte Begleiten \u00fcber einen l\u00e4ngeren Zeitraum ist f\u00fcr mich mehr als ein Beruf, es ist unglaublich bereichernd. Ich bin dankbar f\u00fcr das Vertrauen, das mir entgegengebracht wird, und f\u00fcr die Tiefe, die diese Arbeit mit sich bringt.\n\t<h3><strong>Hier geht\u00b4s zu meinem Podcast auf Spotify<\/strong><\/h3>\n\t\t\t<a href=\"https:\/\/open.spotify.com\/show\/2bRswPDEKQeLNOHExq8f3D\" target=\"_blank\" rel=\"noopener\">\n\t\t\t\t\t\tDE\n\t\t\t\t\t<\/a>\n\t\t\t<a href=\"https:\/\/open.spotify.com\/show\/38tAgwRfDlAChrM7fhEiGt\" target=\"_blank\" rel=\"noopener\">\n\t\t\t\t\t\tEN\n\t\t\t\t\t<\/a>\n\t\t<h3>personal experience<\/h3>Eine schwere Erkrankung machte mich zur Expertin in Themen wie Isolation, Dunkelheit, Einsamkeit, Kontrollverlust &#8211; doch ich schaffte den Weg hinaus! Genau deshalb kann ich andere authentisch und einf\u00fchlsam auch in herausfordernden Themen und Situationen begleiten.\n\t\t<h3>unique<br \/>approach<\/h3>I combine mental training with experiences in nature.<br \/>\nI combine mental training with nature experiences, working flexibly with the four elements and my Compass Model to foster orientation, focus, regeneration, and inner strength.\n\t\t<h3>individual<br \/>experience<\/h3><p>I tailor every mental training session precisely to you, your team, or the situation. Whether it\u2019s a life crisis, an adventure, or an operational challenge, I create experiences with openness and creativity that challenge, strengthen, and surprise. Every training is unique.<\/p>\n\t<strong>Kostenloses Erstgespr\u00e4ch buchen&#8230;<\/strong><br \/>\nReserve your spot for a free initial consultation.<br \/>\nWe can explore whether we\u2019re a good fit, and whether my way of working suits you.\n\t\t\t<a href=\"https:\/\/meet.brevo.com\/michaela-baumgartner\" target=\"_blank\" rel=\"noopener\">\n\t\t\t\t\t\t\tBook a free initial consultation\n\t\t\t\t\t<\/a>\n\t<h4 data-start=\"203\" data-end=\"253\"><strong>Mental strength for extreme situations<\/strong><\/h4>\nMindPlant stands for mental strength \u2014 precisely where life becomes unpredictable. In exceptional situations, it\u2019s not motivation or positive thinking that makes the difference, but the ability to remain internally capable of action, even in the presence of fear, pain, or overwhelm. It\u2019s about support, orientation, and inner stability when nothing can be taken for granted.\n<strong>Your thoughts are like plants:<\/strong><br data-start=\"1352\" data-end=\"1355\" \/>What you nurture within grows \u2014 especially when external security is missing.\n<strong>I pursue two completely contrasting approaches, guided by both experience and passion.<\/strong>\n-People who voluntarily enter extreme situations.<br \/>\n-Those who find themselves in extreme situations unwillingly and unprepared.\n\t\t<h1>MindPlant &#8211; Survival<\/h1><strong>Mental training for people who voluntarily push their limits.<\/strong>\nWhether in operations, survival situations, or adventures, inner strength matters in critical moments. With my strategy, you receive a clear, practical guide to help you maintain calm, focus, and the ability to act. I work on multiple levels \u2014 physically and mentally \u2014 while accompanying you in an inspiring, motivating, and realistic way.<br \/>\nIch arbeite mit dem Nervensystem, um gespeicherte Stressreaktionen zu regulieren.\nTraining oder Kurs auf Anfrage\n\t\t\t\t<img loading=\"lazy\" decoding=\"async\" src=\"https:\/\/mindplant.at\/wp-content\/uploads\/2025\/09\/250912_A9A5557-scaled.jpg\" alt=\"Kompass, mentale Richtung weisen, Orientierung finden\" itemprop=\"image\" height=\"1707\" width=\"2560\" title=\"250912_A9A5557\" onerror=\"this.style.display='none'\"  \/>\n\t\t\t\t<img loading=\"lazy\" decoding=\"async\" src=\"https:\/\/mindplant.at\/wp-content\/uploads\/2025\/12\/sdfasf.jpeg\" alt=\"Outdoor-Mentaltrainerin\" itemprop=\"image\" height=\"1600\" width=\"1200\" title=\"Outdoor-Mentaltrainerin\" onerror=\"this.style.display='none'\"  \/>\n\t\t\t\t<img loading=\"lazy\" decoding=\"async\" src=\"https:\/\/mindplant.at\/wp-content\/uploads\/2025\/12\/asdfsd.jpeg\" alt=\"Outdoor-Mentaltrainerin\" itemprop=\"image\" height=\"1600\" width=\"1200\" title=\"Outdoor-Mentaltrainerin\" onerror=\"this.style.display='none'\"  \/>\n\t\t\t\t<img loading=\"lazy\" decoding=\"async\" src=\"https:\/\/mindplant.at\/wp-content\/uploads\/2025\/12\/WhatsApp-Image-2025-12-03-at-20.54.21dfsdff.jpeg\" alt=\"Outdoor-Mentaltrainerin\" itemprop=\"image\" height=\"1600\" width=\"1200\" title=\"Outdoor-Mentaltrainerin\" onerror=\"this.style.display='none'\"  \/>\n\t\t<h1>MindPlant &#8211; Resilienz<\/h1><strong>Mental training for people who are suddenly thrown into extreme situations, unprepared and unwillingly.<\/strong>\nWenn das Leben pl\u00f6tzlich alles ver\u00e4ndert, durch schwere Krankheit, Unfall, Verlust, andere dramatische Einschnitte oder Lebenskrisen, dann reichen oft gewohnte Strategien nicht mehr aus. In solchen Extremsituationen begleite ich dich professionell und individuell, Schritt f\u00fcr Schritt zur\u00fcck zu innerer Stabilit\u00e4t und Handlungsf\u00e4higkeit.\nIch arbeite mit gezielten mentalen Techniken, k\u00f6rperlich-mentaler Integration und der Verbindung zur Natur, um Blockaden zu l\u00f6sen, innere Kraft zu st\u00e4rken und ein tragf\u00e4higes Fundament f\u00fcr Orientierung, Selbstvertrauen und Handlungsf\u00e4higkeit zu schaffen.\n\t<p>Possible individual collaboration<\/p>\n<h3>\n\t\tMindPlant Fokus Outdoor\n\t<\/h3>\n\t\t<strong>Individual one-on-one mental training (approx. 10 hours of personalized 1:1 support)<br \/>\nMindPlant &#8211; Fokus Outdoor<\/strong> is a personalized experience, tailored to your life situation, wishes, and needs. Genuine mental training in connection with the elements of nature. For people who are ready to face themselves and grow personally.<br data-start=\"417\" data-end=\"420\" \/>Clear, personal, deep, and long-lasting.\n\t\t\t<a href=\"https:\/\/mindplant.at\/en\/mindplant-focus-outdoor\/\" target=\"_self\">\n\t\t\t\t\t\t\tmehr Infos zu MindPlant &#8211; Fokus Outdoor\n\t\t\t\t\t<\/a>\n<h3>\n\t\tIndividual guidance\n\t<\/h3>\n\t\tSome processes take time.<br data-start=\"1099\" data-end=\"1102\" \/>I support people over several weeks or months in their mental rebuilding, within a personalized and carefully tailored framework.<br \/>\nCollaboration by arrangement.\n\t\t\t<a href=\"https:\/\/mindplant.at\/en\/mindplant-focus-online-copy\/\" target=\"_self\">\n\t\t\t\t\t\t\tIndividuelle Begleitung buchen\n\t\t\t\t\t<\/a>\n\t<strong>Kostenloses Erstgespr\u00e4ch buchen&#8230;<\/strong><br \/>\nReserve your spot for a free initial consultation.<br \/>\nWe can explore whether we\u2019re a good fit, and whether my way of working suits you.\n\t\t\t<a href=\"https:\/\/meet.brevo.com\/michaela-baumgartner\" target=\"_blank\" rel=\"noopener\">\n\t\t\t\t\t\t\tBook a free initial consultation\n\t\t\t\t\t<\/a>\n<h2>\n\t\tOnline-Programs\n\t<\/h2>\n\t\t\t<a href=\"https:\/\/mindplant.at\/en\/online-programme\/\" target=\"_blank\" rel=\"noopener\">\n\t\t\t\t\t\thier geht\u00b4s zum Online-Programm&#8230;\n\t\t\t\t\t<\/a>\n<h2>\n\t\tcustomer-feedback\n\t<\/h2>\n\t\t\t<h3>Michaela Anna, 32<\/h3><p>&#8222;Michaela ist eine unglaublich einf\u00fchlsame, reflektierte und starke Pers\u00f6nlichkeit. In den Einzeltrainings hat sie einen Raum f\u00fcr mich geschaffen, in dem ich mich sehr wohl und sicher aufgehoben gef\u00fchlt habe. Ihr auf den vier Elementen beruhendes Konzept ist \u00fcberaus durchdacht und wird ganz individuell auf Jede\/n zugeschnitten.Das Besondere ist, dass Michaela ihre Einheiten drau\u00dfen in der Natur abh\u00e4lt. Sehr bedacht w\u00e4hlt sie passende Orte im Wald, am Wasser, in H\u00f6hlen etc. aus und bindet dabei verschiedenste Praktiken und Rituale mit und in der Natur ein &#8211; etwas, das ich so noch bei keiner anderen Person erlebt habe.Michaela schafft es einerseits, mit ihrem Know-how Ruhe, Struktur und Klarheit in komplexe Themen zu bringen, und andererseits kann sie einen mitrei\u00dfen, motivieren und anspornen. Eine weitere Besonderheit f\u00fcr mich ist, dass sie, wenn man sich f\u00fcr ein Training mit ihr entscheidet, jederzeit an deiner Seite ist. In Extremsituationen &#8211; wenn ich mich hilflos oder \u00fcberfordert f\u00fchlte &#8211; hatte ich immer die M\u00f6glichkeit, Kontakt zu ihr aufzunehmen, wenn ich das wollte.F\u00fcr mich pers\u00f6nlich war dies in dieser schweren Zeit ein unglaubliches Gef\u00fchl der Unterst\u00fctzung. Ich bin ihr unendlich dankbar, dass sie mir mentale Techniken, Affirmationen, Routinen und wertvolle Gedankenanst\u00f6\u00dfe an die Hand gegeben hat, sodass ich aus meiner Extremsituation gest\u00e4rkt und zuversichtlich hervorgehen konnte.Ich kann nur Jeder\/m empfehlen, sich an Michaela zu wenden, denn ich wei\u00df, dass sie mit ihrer Geschichte sowie ihrer empathischen und authentischen Art jedem Menschen den Raum geben kann, sich selbst aus Extremsituationen wieder herauszuziehen.Danke, Michi!!&#8220;<\/p>\t\t\n\t\t\t<h3>Lisa, 35<\/h3><p>&#8222;Michaela ist eine einzigartige Mentaltrainerin &amp; ein wundervoller Mensch. Durch ihr Feingef\u00fchl, ihre Empathie &amp; Sensibilit\u00e4t passt sie sich an die individuellen Bed\u00fcrfnisse jedes Kunden \/ bzw. Gruppe an. Sie lebt ihre Techniken &amp; arbeitet praktisch, naturinspiriert mit simplen &amp; tiefgreifenden Tools. Diese Frau ist selbst durch die tiefste Dunkelheit gegangen &amp; ist f\u00fcr mich ein Vorbild und eine gro\u00dfe Inspiration daf\u00fcr, was &#8211; mit dem richtigen Mindset &#8211; alles m\u00f6glich ist. F\u00fcr mich ist die Kombination aus Sanftheit \/ Feingef\u00fchl &amp; Komfortzone verlassen gepaart mit Naturelementen einfach gro\u00dfartig &#8211; 100 % Empfehlung!&#8220;<\/p>\t\t\n\t\t\t<h3>Stefanie, 29<\/h3><p>\u201eIch m\u00f6chte mich von ganzem Herzen f\u00fcr das f\u00fcr mich so wertvolle Mentaltraining bedanken. Den Bezug zu den vier Elementen drau\u00dfen in der Natur herzustellen und das Konzept darauf aufzubauen, fand ich gro\u00dfartig und ich konnte mich gut damit identifizieren. Die Atmosph\u00e4re im Wald war unglaublich f\u00f6rderlich und hat mir sehr geholfen, mich auf die \u00dcbungen und die eigenen Gedanken einzulassen.Die verst\u00e4ndliche Einf\u00fchrung in die Neurowissenschaft und die bildliche Veranschaulichung von Gedanken waren \u00e4u\u00dferst hilfreich. Die Verbindung mit den Elementen hat mir geholfen, negative Gedankenmuster zu erkennen.Du bist dabei sehr behutsam vorgegangen und hast mir ausreichend Zeit und Privatsph\u00e4re zur Verf\u00fcgung gestellt. Besonders sch\u00e4tze ich die daraus resultierenden, erstaunlich einfachen \u00dcbungen, die du mir f\u00fcr die t\u00e4gliche Praxis mitgegeben hast. Am zweiten Tag konnte ich meinen Pers\u00f6nlichkeitstyp kennenlernen und daraus neue Perspektiven und Ziele formulieren. Besonders beeindruckend war, wie du die Elemente Feuer und Wasser einbezogen hast, um eine einzigartige Wohlf\u00fchlatmosph\u00e4re zu schaffen.<br \/>Du hast es geschafft mit deiner einerseits \u00e4u\u00dferst feinf\u00fchligen und kreativen und andererseits so mitrei\u00dfenden und motivierenden Art und Weise, mit der du das gesamte Training gestaltet hast, mich aus meiner \u201eKomfortzone&#8220; herauszuholen, viele wertvolle Erkenntnisse zu gewinnen und das etwas ausgebrannte, innerliche Feuer in mir wieder zu entfachen. Und daf\u00fcr bin ich dir unendlich dankbar!&#8220;<\/p>\t\t\n\t\t\t<h3>Sara, 31<\/h3><p>\u201eMichaela hat sich bereits im Vorgespr\u00e4ch viel Zeit genommen, um mich und meine Gr\u00fcnde f\u00fcr das Mentaltraining kennenzulernen. Das hat mir von Anfang an das Gef\u00fchl gegeben, dass sie sich gezielt vorbereitet und individuell auf meine Bed\u00fcrfnisse eingeht. W\u00e4hrend des eigentlichen Trainings stand mein Wohlbefinden stets an oberster Stelle. Michaela dachte an jedes Detail &#8211; von der Info zur richtigen Bekleidung f\u00fcr das Training im Wald bis zu Tee, Snacks und bequemen Sitzgelegenheiten. Diese durchdachte Vorbereitung zeigt, wie viel Herzblut sie in ihr Training steckt.Das Mentaltraining war f\u00fcr mich eine unglaublich bereichernde Erfahrung. Es war teilweise sehr emotional, hat mir aber geholfen, mich selbst besser kennenzulernen und meine Ziele klar zu definieren. Das Erlebnis im Wald hat das Ganze perfekt abgerundet &#8211; diese Umgebung verst\u00e4rkt die Wirkung des Trainings auf eine besondere Art und Weise.Ich w\u00fcrde Michaela und ihr Mentaltraining definitiv jedem empfehlen. Sie schafft es, ihr Training so individuell anzupassen, dass wirklich jede*r etwas f\u00fcr sich mitnehmen kann. Durch ihre einf\u00fchlsame Art f\u00fchlt man sich nicht nur verstanden, sondern auch gest\u00e4rkt, um neue Routinen zu entwickeln und diese im Alltag umzusetzen. Die Location war ein echter Traum &#8211; ruhig und inspirierend, perfekt f\u00fcr das Mentaltraining. Michaela ist nicht nur professionell, sondern auch warmherzig, und ich kann ihr Angebot von ganzem Herzen weiterempfehlen!&#8220;<\/p>\t\t\n\t\t\t<h3>Elke, 52<\/h3><p>\u201eDas Gesamtpaket war sehr stimmig, besonders das Vorgespr\u00e4ch, das mir half, mich im Training freier und offener zu f\u00fchlen. Dass du selbst aus einem sehr schlechten Zustand herausgefunden hast, war und ist eine enorme Quelle der Inspiration und eine Unterst\u00fctzung f\u00fcr mich. Es hat mir gezeigt, dass es immer einen Weg gibt, egal wie schwierig die Umst\u00e4nde auch sein m\u00f6gen.Die Verbindung der Naturelemente und die Meditationen waren tiefgr\u00fcndig und haben mich nachhaltig beeinflusst. Ich stehe jetzt mehr zu mir selbst und lasse mich nicht mehr von \u00e4u\u00dferen Erwartungen beeinflussen. Die wissenschaftliche Untermauerung der Methoden gab mir zus\u00e4tzliche Klarheit und Best\u00e4tigung.<br \/>Alles in allem war es eine sehr wertvolle und hilfreiche Erfahrung. Deine authentische und sympathische Art hat mich sehr angesprochen, und ich w\u00fcrde dich auf jeden Fall weiterempfehlen. Du wirst vielen Menschen auf ihrem Weg helfen. DANKE!!!&#8220;<\/p>\t\t\n\t\t\t<h3>Juliana, 64<\/h3>&#8222;In meinem bisherigen Leben habe ich sehr viel Erfahrung gesammelt im Bereich Weiterentwicklung und Befreiung. Dieses Mentaltraining hat von allen Methoden den schnellsten Zugang zu fundamentalen Feldern, die im Geheimen in unserem Leben wirken! Und dazu auch einen klaren Weg, eine einfache, sichere Methode, den Fokus, das Licht auf das Erw\u00fcnschte zu lenken. So genial &#8211; so wirkungsvoll!Wir waren mit perfektem Schulungsmaterial in der Natur, an spektakul\u00e4ren Pl\u00e4tzen, \u00fcberall war ich umsorgt, verw\u00f6hnt, und ich f\u00fchlte mich innigst geliebt! DANKE!&#8220;\t\t\n<h2>\n\t\tContact\n\t<\/h2>\n\tMindPlant e. U.<br \/>\nMichaela Baumgartner, B.A.<br \/>\n<em>Certified Mental Trainer<\/em>\n\tHummelberg 8\/2 | 4341 Arbing<br \/>\n<u><a href=\"tel:+436605048070\" target=\"_blank\" rel=\"noopener\">+43 (0) 660 \/ 50 48 070<\/a><\/u><br \/>\n<u><a href=\"mailto:office@mindplant.at\">office@mindplant.at<\/a><\/u>\n\t\t\t\t<img loading=\"lazy\" decoding=\"async\" src=\"https:\/\/mindplant.at\/wp-content\/uploads\/2025\/02\/Signet_invers-300x171.png\" alt=\"Signet_invers\" itemprop=\"image\" height=\"171\" width=\"300\" title=\"Signet_invers\" onerror=\"this.style.display='none'\"  \/>","protected":false},"excerpt":{"rendered":"<p>Mentale Begleitung, wenn dein Leben dich an deine Grenzen bringt. In Krisen &amp; beim inneren Wiederaufbau. Damit du wieder innere Stabilit\u00e4t, Klarheit &amp; Orientierung findest. Michaela Baumgartner, B.A. Dipl. Mentaltrainerin \u00dcber mich Ich bin Michaela, 32 Jahre alt, stolze Mutter eines wundervollen Sohnes und Ehefrau eines starken und liebevollen Partners. Mein beruflicher Weg begann nach&hellip;<\/p>","protected":false},"author":2,"featured_media":0,"parent":0,"menu_order":0,"comment_status":"closed","ping_status":"closed","template":"","meta":{"footnotes":""},"class_list":["post-150","page","type-page","status-publish","hentry"],"aioseo_notices":[],"_links":{"self":[{"href":"https:\/\/mindplant.at\/en\/wp-json\/wp\/v2\/pages\/150","targetHints":{"allow":["GET"]}}],"collection":[{"href":"https:\/\/mindplant.at\/en\/wp-json\/wp\/v2\/pages"}],"about":[{"href":"https:\/\/mindplant.at\/en\/wp-json\/wp\/v2\/types\/page"}],"author":[{"embeddable":true,"href":"https:\/\/mindplant.at\/en\/wp-json\/wp\/v2\/users\/2"}],"replies":[{"embeddable":true,"href":"https:\/\/mindplant.at\/en\/wp-json\/wp\/v2\/comments?post=150"}],"version-history":[{"count":10,"href":"https:\/\/mindplant.at\/en\/wp-json\/wp\/v2\/pages\/150\/revisions"}],"predecessor-version":[{"id":1839,"href":"https:\/\/mindplant.at\/en\/wp-json\/wp\/v2\/pages\/150\/revisions\/1839"}],"wp:attachment":[{"href":"https:\/\/mindplant.at\/en\/wp-json\/wp\/v2\/media?parent=150"}],"curies":[{"name":"wp","href":"https:\/\/api.w.org\/{rel}","templated":true}]}}